{"id":4508,"date":"2021-10-26T11:18:00","date_gmt":"2021-10-26T09:18:00","guid":{"rendered":"https:\/\/maagflock.com\/?post_type=product&#038;p=4508"},"modified":"2021-10-28T11:33:42","modified_gmt":"2021-10-28T09:33:42","slug":"platten-mt-501","status":"publish","type":"product","link":"https:\/\/maagflock.com\/es\/producto\/platten-mt-501\/","title":{"rendered":"Placas MT 501"},"content":{"rendered":"<p><strong>Placas MT 501<\/strong><\/p>\n<p>Las placas MT 501 se utilizan para fijar los moldes al dispositivo de sujeci\u00f3n durante la prueba de arranque con la ayuda del banco de pruebas de arranque motorizado MT 501.<\/p>\n<p>Los paneles est\u00e1n disponibles en 5 tama\u00f1os est\u00e1ndar diferentes:<\/p>\n<ul>\n<li>5 mm<\/li>\n<li>6 mm<\/li>\n<li>7 mm<\/li>\n<li>8 mm<\/li>\n<li>10 mm<\/li>\n<\/ul>\n<p>Tambi\u00e9n estamos encantados de fabricar los paneles para el funcionamiento del MT 501 en el tama\u00f1o que usted desee.<\/p>","protected":false},"excerpt":{"rendered":"<p>Las placas MT 501 se utilizan para fijar los moldes al dispositivo de sujeci\u00f3n durante la prueba de arranque.<\/p>","protected":false},"featured_media":4881,"template":"","meta":[],"product_cat":[118,271,132],"product_tag":[],"_links":{"self":[{"href":"https:\/\/maagflock.com\/es\/wp-json\/wp\/v2\/product\/4508"}],"collection":[{"href":"https:\/\/maagflock.com\/es\/wp-json\/wp\/v2\/product"}],"about":[{"href":"https:\/\/maagflock.com\/es\/wp-json\/wp\/v2\/types\/product"}],"wp:featuredmedia":[{"embeddable":true,"href":"https:\/\/maagflock.com\/es\/wp-json\/wp\/v2\/media\/4881"}],"wp:attachment":[{"href":"https:\/\/maagflock.com\/es\/wp-json\/wp\/v2\/media?parent=4508"}],"wp:term":[{"taxonomy":"product_cat","embeddable":true,"href":"https:\/\/maagflock.com\/es\/wp-json\/wp\/v2\/product_cat?post=4508"},{"taxonomy":"product_tag","embeddable":true,"href":"https:\/\/maagflock.com\/es\/wp-json\/wp\/v2\/product_tag?post=4508"}],"curies":[{"name":"wp","href":"https:\/\/api.w.org\/{rel}","templated":true}]}}