{"id":4532,"date":"2021-10-25T10:56:16","date_gmt":"2021-10-25T08:56:16","guid":{"rendered":"https:\/\/maagflock.com\/?post_type=product&#038;p=4532"},"modified":"2021-10-28T09:52:03","modified_gmt":"2021-10-28T07:52:03","slug":"staubsammelbeutel-dustomat-160s","status":"publish","type":"product","link":"https:\/\/maagflock.com\/es\/producto\/staubsammelbeutel-dustomat-160s\/","title":{"rendered":"Bolsa de recogida de polvo Dustomat 160S"},"content":{"rendered":"<p><strong>Bolsa de recogida de polvo Dustomat 160S<\/strong><\/p>\n<p>La bolsa de recogida de polvo est\u00e1 hecha de papel sostenible y se introduce en el caj\u00f3n de recogida con un tama\u00f1o de 42-50 litros, con un amplio espacio durante la operaci\u00f3n de extracci\u00f3n.<\/p>","protected":false},"excerpt":{"rendered":"<p>La bolsa de recogida de polvo Dustomat 160S se utiliza para recoger las part\u00edculas de polvo durante el flocado.<\/p>","protected":false},"featured_media":4870,"template":"","meta":[],"product_cat":[118,132],"product_tag":[],"_links":{"self":[{"href":"https:\/\/maagflock.com\/es\/wp-json\/wp\/v2\/product\/4532"}],"collection":[{"href":"https:\/\/maagflock.com\/es\/wp-json\/wp\/v2\/product"}],"about":[{"href":"https:\/\/maagflock.com\/es\/wp-json\/wp\/v2\/types\/product"}],"wp:featuredmedia":[{"embeddable":true,"href":"https:\/\/maagflock.com\/es\/wp-json\/wp\/v2\/media\/4870"}],"wp:attachment":[{"href":"https:\/\/maagflock.com\/es\/wp-json\/wp\/v2\/media?parent=4532"}],"wp:term":[{"taxonomy":"product_cat","embeddable":true,"href":"https:\/\/maagflock.com\/es\/wp-json\/wp\/v2\/product_cat?post=4532"},{"taxonomy":"product_tag","embeddable":true,"href":"https:\/\/maagflock.com\/es\/wp-json\/wp\/v2\/product_tag?post=4532"}],"curies":[{"name":"wp","href":"https:\/\/api.w.org\/{rel}","templated":true}]}}