{"id":4544,"date":"2021-10-25T08:40:22","date_gmt":"2021-10-25T06:40:22","guid":{"rendered":"https:\/\/maagflock.com\/?post_type=product&#038;p=4544"},"modified":"2021-10-25T14:41:17","modified_gmt":"2021-10-25T12:41:17","slug":"dispersionsumlufttrockner","status":"publish","type":"product","link":"https:\/\/maagflock.com\/es\/producto\/dispersionsumlufttrockner\/","title":{"rendered":"Secador de aire circulante de dispersi\u00f3n"},"content":{"rendered":"<p><strong>Secador de aire circulante de dispersi\u00f3n<\/strong><\/p>\n<p>El secador de aire de dispersi\u00f3n permite secar los productos despu\u00e9s del flocado. En el proceso de secado influyen los siguientes par\u00e1metros: el calor o la temperatura, la humedad en el secador y el intercambio o circulaci\u00f3n de aire. Las piezas flocadas se colocan en un carro de piezas de material para su secado y \u00e9ste se traslada manualmente a la cabina de secado. El proceso de secado dura aproximadamente 25 minutos.<\/p>\n<p>&nbsp;<\/p>\n<p><strong>Datos t\u00e9cnicos:<\/strong><\/p>\n<p>Alimentaci\u00f3n: Conexi\u00f3n a la red: 230 \/ 400 V, 50 Hz<br \/>\nCapacidad de calefacci\u00f3n: 19,5 kW<br \/>\nMotor del ventilador: 1,1 kW<\/p>\n<p>Dimensiones: 1990 x 1640 mm<br \/>\nPeso: 3000 kg<\/p>\n<p><strong>Equipo b\u00e1sico:<\/strong><\/p>\n<ul>\n<li>aletas ajustables en el lado de la entrada de aire,<\/li>\n<li>Carcasa interior y exterior de chapa de acero galvanizada<\/li>\n<li>2 ra\u00edles para carros de bandejas en el suelo de la secadora, caja de interruptores en el lado derecho de la secadora<\/li>\n<li>Control de la temperatura con indicaci\u00f3n digital del valor real y ajuste anal\u00f3gico de la consigna<\/li>\n<li>Rel\u00e9 de estado s\u00f3lido<\/li>\n<\/ul>\n<p>&nbsp;<\/p>","protected":false},"excerpt":{"rendered":"<p>El secador de aire de dispersi\u00f3n permite secar los productos despu\u00e9s del flocado.<\/p>","protected":false},"featured_media":4546,"template":"","meta":[],"product_cat":[118,128],"product_tag":[],"_links":{"self":[{"href":"https:\/\/maagflock.com\/es\/wp-json\/wp\/v2\/product\/4544"}],"collection":[{"href":"https:\/\/maagflock.com\/es\/wp-json\/wp\/v2\/product"}],"about":[{"href":"https:\/\/maagflock.com\/es\/wp-json\/wp\/v2\/types\/product"}],"wp:featuredmedia":[{"embeddable":true,"href":"https:\/\/maagflock.com\/es\/wp-json\/wp\/v2\/media\/4546"}],"wp:attachment":[{"href":"https:\/\/maagflock.com\/es\/wp-json\/wp\/v2\/media?parent=4544"}],"wp:term":[{"taxonomy":"product_cat","embeddable":true,"href":"https:\/\/maagflock.com\/es\/wp-json\/wp\/v2\/product_cat?post=4544"},{"taxonomy":"product_tag","embeddable":true,"href":"https:\/\/maagflock.com\/es\/wp-json\/wp\/v2\/product_tag?post=4544"}],"curies":[{"name":"wp","href":"https:\/\/api.w.org\/{rel}","templated":true}]}}