{"id":4626,"date":"2021-10-07T11:25:08","date_gmt":"2021-10-07T09:25:08","guid":{"rendered":"https:\/\/maagflock.com\/?post_type=product&#038;p=4626"},"modified":"2021-12-20T10:01:14","modified_gmt":"2021-12-20T09:01:14","slug":"profilbeflockungsmaschine-maag-pf-standard-3-0","status":"publish","type":"product","link":"https:\/\/maagflock.com\/es\/producto\/profilbeflockungsmaschine-maag-pf-standard-3-0\/","title":{"rendered":"M\u00e1quina de flocado de perfiles Maag PF Standard 3"},"content":{"rendered":"<h1><strong>M\u00e1quina de flocado de perfiles Maag PF Standard 3<\/strong><\/h1>\n<p>El concepto de la m\u00e1quina est\u00e1 dise\u00f1ado para el flocado profesional. Las 3 m\u00e1quinas individuales est\u00e1n controladas por un armario de control central y todos los par\u00e1metros del proceso se introducen y leen en la m\u00e1quina. El dise\u00f1o individual permite ajustar por separado e individualmente los distintos factores de influencia. El lote se alimenta a la tolva central de suministro de lote y el lote malo se clasifica mediante una criba vibratoria. El nivel de llenado del sistema se controla mediante sensores que env\u00edan una se\u00f1al al operador cuando se alcanza el l\u00edmite inferior. En este caso, el exclusivo concepto de aire de escape permite obtener el m\u00e1ximo rendimiento para el cliente.<\/p>\n<p>El dise\u00f1o \u00fanico del sistema de flocado de perfiles y el cumplimiento de las normas m\u00e1s estrictas de Artex permiten que el sistema reciba la norma de flocado 50223. De acuerdo con la norma, Maag Flock le suministra el flocado de perfiles cumpliendo con la garant\u00eda de calidad y las medidas de seguridad e higiene laboral. El contenedor de almacenamiento de borras permite el llenado central del sistema, por lo que las tres unidades se suministran con borras templadas a trav\u00e9s de un contenedor de recogida de borras.<\/p>\n<p>&nbsp;<\/p>\n<h2><strong>Datos t\u00e9cnicos<\/strong><\/h2>\n<ul>\n<li>Velocidad de transporte: 25\/30 m\/min<\/li>\n<li>Velocidad de flocado: hasta 25\/30 m\/min, seg\u00fan el n\u00famero de m\u00e1quinas utilizadas, la forma del perfil y las superficies a flocar<\/li>\n<li>Altura de trabajo (se adaptar\u00e1 a la l\u00ednea de extrusi\u00f3n) al menos 950 mm<\/li>\n<li>Ancho de la cinta transportadora 180 mm<\/li>\n<li>Conexi\u00f3n el\u00e9ctrica 240\/400 V, 50 Hz,<\/li>\n<li>Tensi\u00f3n de control 24 V DC<\/li>\n<li>Equipo el\u00e9ctrico seg\u00fan la norma VDE \/ EN<\/li>\n<li>Aire comprimido 6 bar<\/li>\n<li>Pintura de la unidad Est\u00e1ndar: Gris claro RAL 7035<\/li>\n<\/ul>\n<p>&nbsp;<\/p>\n<h2><strong>Ventajas de la m\u00e1quina de flocado de perfiles Maag PF Standard 3<\/strong><\/h2>\n<ul>\n<li>Boquillas neum\u00e1ticas: 2-4 piezas<\/li>\n<li>Control de los datos del proceso<\/li>\n<li>Recirculaci\u00f3n del reba\u00f1o<\/li>\n<li>Unidad de flocado ajustable en altura<\/li>\n<li>Supervisi\u00f3n del suministro del reba\u00f1o<\/li>\n<li>Tamizar el reba\u00f1o malo<\/li>\n<li>Alta tensi\u00f3n variable<\/li>\n<li>Dosificaci\u00f3n variable del reba\u00f1o<\/li>\n<li>Rotaci\u00f3n de perfiles en el proceso<\/li>\n<li>Control del equilibrio del aire mediante las aletas de la v\u00e1lvula<\/li>\n<li>Pre-limpieza del aire (reduce la contaminaci\u00f3n del filtro, mejora la recirculaci\u00f3n del reba\u00f1o)<\/li>\n<li>Filtraci\u00f3n del aire de escape<\/li>\n<li>Limpieza final de los perfiles<\/li>\n<li>Limpieza final Reciclaje de escamas<\/li>\n<\/ul>\n<p>&nbsp;<\/p>\n<h2>Resumen<\/h2>\n<p>La m\u00e1quina de flocado de perfiles totalmente autom\u00e1tica Maag PF Standard 3.0 sirve para el flocado en l\u00ednea de perfiles continuos extruidos.<\/p>\n<p>Consiste en:<\/p>\n<ul>\n<li>Dos unidades separadas que constan de una unidad de cepillado con limpieza intermedia, una unidad de cepillado incl. unidad de flocado electroneum\u00e1tico con limpieza final y un contenedor central de almacenamiento de borras con unidad de filtro integrada y armario de control.<\/li>\n<li>La primera unidad de cepillado tiene un ajuste de altura autom\u00e1tico con un cepillo de 800 mm de longitud equipado con dos contraelectrodos, as\u00ed como las aletas de regulaci\u00f3n de aire y una limpieza intermedia. La unidad tambi\u00e9n tiene su propio generador de alto voltaje.<\/li>\n<li>La segunda unidad consiste en una unidad de cepillo con ajuste autom\u00e1tico de altura con un cepillo de 800 mm de longitud, que est\u00e1 equipado con dos contraelectrodos, as\u00ed como las aletas de regulaci\u00f3n de aire y un generador de alto voltaje. Adem\u00e1s, en el bastidor de la m\u00e1quina se ha instalado una unidad electroneum\u00e1tica con un motor y dos boquillas, as\u00ed como un generador de alta tensi\u00f3n. Al final hay una potente unidad de limpieza con recirculaci\u00f3n de borras. La otra mitad del bastidor de la m\u00e1quina consiste en un contenedor central de almacenamiento de borras desde el que se suministran borras nuevas a todas las m\u00e1quinas. La unidad aspira todas las rejillas de la m\u00e1quina y separa la borra por medio de ciclones y v\u00e1lvulas rotativas para devolverla al circuito por medio de una criba vibratoria y un cribado de borra mala. Durante este proceso, el contenedor es controlado por un sensor de nivel y movido por ejes agitadores. A continuaci\u00f3n, el aire pasa por un sistema de filtros de dos etapas. El armario de control central tambi\u00e9n est\u00e1 integrado en el bastidor de la m\u00e1quina y controla la m\u00e1quina.<\/li>\n<li>Las unidades se conectan a un sistema de tuber\u00edas y pueden ser automontadas mediante un m\u00f3dulo de etiquetado y mantenimiento remoto.<\/li>\n<\/ul>\n<p>En condiciones \u00f3ptimas, la m\u00e1quina est\u00e1 dise\u00f1ada para velocidades de producci\u00f3n de hasta <strong>25m\/min<\/strong> de la que se ha hecho gala.<\/p>\n<p>Embalaje: Las unidades se embalan en dos robustos pal\u00e9s de madera para su transporte al extranjero y se envuelven en papel de aluminio.<\/p>\n<p>&nbsp;<\/p>\n<h2>La variante Plus: m\u00e1quina de flocado de perfiles Maag PF Standard PLUS 3<\/h2>\n<p>La m\u00e1quina de flocado de perfiles totalmente autom\u00e1tica Maag Standard PLUS 3 sirve para el flocado en l\u00ednea de perfiles continuos extruidos.<\/p>\n<p>Consiste en:<\/p>\n<ul>\n<li>Dos unidades separadas que constan de una unidad de cepillado con limpieza intermedia, una unidad de cepillado incl. unidad de flocado electroneum\u00e1tico con limpieza final y un contenedor central de almacenamiento de borras con unidad de filtro integrada y armario de control.<\/li>\n<li>La primera unidad de cepillado tiene un ajuste de altura autom\u00e1tico con un cepillo de 1000 mm de longitud equipado con dos contraelectrodos y el sistema de sujeci\u00f3n r\u00e1pida, as\u00ed como las aletas de regulaci\u00f3n de aire y una limpieza intermedia. La unidad tambi\u00e9n tiene su propio generador de alta tensi\u00f3n.<\/li>\n<li>La segunda unidad consiste en una unidad de cepillo con ajuste autom\u00e1tico de altura con un cepillo de 1000 mm de longitud, equipado con dos contraelectrodos y el sistema de sujeci\u00f3n r\u00e1pida, as\u00ed como las aletas de regulaci\u00f3n de aire y un generador de alta tensi\u00f3n. Adem\u00e1s, en el bastidor de la m\u00e1quina se ha instalado una unidad electroneum\u00e1tica con dos motores y cuatro boquillas, as\u00ed como un generador de alto voltaje. Al final hay una potente unidad de limpieza con recirculaci\u00f3n de borras. La otra mitad del bastidor de la m\u00e1quina consiste en un contenedor central de almacenamiento de borras desde el que se suministran borras nuevas a todas las m\u00e1quinas. La unidad aspira todas las rejillas de la m\u00e1quina y separa la borra por medio de ciclones y v\u00e1lvulas rotativas para devolverla al circuito por medio de un tamiz vibratorio y un cribado de borra mala. Durante este proceso, el contenedor se controla mediante un sensor de nivel y se mueve por medio de ejes trituradores. A continuaci\u00f3n, el aire pasa por un sistema de filtros de dos etapas. El armario de control central tambi\u00e9n est\u00e1 integrado en el bastidor de la m\u00e1quina y controla la m\u00e1quina.<\/li>\n<li>Las unidades se conectan a un sistema de tuber\u00edas y pueden ser automontadas mediante un m\u00f3dulo de etiquetado y mantenimiento remoto.<\/li>\n<\/ul>\n<p>En condiciones \u00f3ptimas, la m\u00e1quina est\u00e1 dise\u00f1ada para velocidades de producci\u00f3n de hasta <strong>30m\/min<\/strong> de la que se ha hecho gala.<\/p>\n<p>Embalaje: Las unidades se embalan en dos robustos pal\u00e9s de madera para su transporte al extranjero y se envuelven en papel de aluminio.<\/p>\n<p>&nbsp;<\/p>\n<p>Encontrar\u00e1 m\u00e1s informaci\u00f3n sobre el flocado de perfiles en <span style=\"color: #c00000;\"><a style=\"color: #c00000;\" href=\"https:\/\/maagflock.com\/es\/maquinas-de-flocado\/flocado-de-perfiles\/\">aqu\u00ed<\/a><\/span>.<\/p>","protected":false},"excerpt":{"rendered":"<p>Nuestra m\u00e1quina de flocado de perfiles Maag PF Standard 3 es totalmente autom\u00e1tica y el coraz\u00f3n del sistema, que consta de dos unidades de dosificaci\u00f3n de cepillos que realizan velocidades de hasta 30 m\/min. La selecci\u00f3n semiautom\u00e1tica del programa permite ajustar y controlar durante el proceso la altura, la velocidad de dosificaci\u00f3n, la alta tensi\u00f3n, la distancia a la pieza, la temperatura y la humedad. La selecci\u00f3n de estos par\u00e1metros se gestiona y controla de forma selectiva a trav\u00e9s de un panel de control.<\/p>","protected":false},"featured_media":4635,"template":"","meta":[],"product_cat":[134,119],"product_tag":[],"_links":{"self":[{"href":"https:\/\/maagflock.com\/es\/wp-json\/wp\/v2\/product\/4626"}],"collection":[{"href":"https:\/\/maagflock.com\/es\/wp-json\/wp\/v2\/product"}],"about":[{"href":"https:\/\/maagflock.com\/es\/wp-json\/wp\/v2\/types\/product"}],"wp:featuredmedia":[{"embeddable":true,"href":"https:\/\/maagflock.com\/es\/wp-json\/wp\/v2\/media\/4635"}],"wp:attachment":[{"href":"https:\/\/maagflock.com\/es\/wp-json\/wp\/v2\/media?parent=4626"}],"wp:term":[{"taxonomy":"product_cat","embeddable":true,"href":"https:\/\/maagflock.com\/es\/wp-json\/wp\/v2\/product_cat?post=4626"},{"taxonomy":"product_tag","embeddable":true,"href":"https:\/\/maagflock.com\/es\/wp-json\/wp\/v2\/product_tag?post=4626"}],"curies":[{"name":"wp","href":"https:\/\/api.w.org\/{rel}","templated":true}]}}