{"id":4827,"date":"2021-10-27T07:47:48","date_gmt":"2021-10-27T05:47:48","guid":{"rendered":"https:\/\/maagflock.com\/?post_type=product&#038;p=4827"},"modified":"2021-10-27T07:51:58","modified_gmt":"2021-10-27T05:51:58","slug":"flock-shape","status":"publish","type":"product","link":"https:\/\/maagflock.com\/es\/producto\/flock-shape\/","title":{"rendered":"Forma de reba\u00f1o"},"content":{"rendered":"<p><strong>Forma de reba\u00f1o<\/strong><\/p>\n<p>El sistema fue desarrollado para medir una muestra de reba\u00f1o seg\u00fan varios criterios en un tiempo muy corto. Aqu\u00ed se mide el di\u00e1metro y la longitud de las fibras de reba\u00f1o mediante un an\u00e1lisis de imagen cuantitativo. Para la medici\u00f3n del grosor y la longitud, s\u00f3lo se tienen en cuenta las fibras reconocidas como fibras individuales. La distribuci\u00f3n del grosor y la longitud de las fibras medidas se muestra gr\u00e1ficamente.<\/p>\n<p>Adem\u00e1s, el n\u00famero de todas las fibras existentes se determina durante el mismo proceso de medici\u00f3n para determinar matem\u00e1ticamente el peso existente de toda la muestra de reba\u00f1o. Esta funci\u00f3n es especialmente interesante en lo que respecta a un an\u00e1lisis de flotaci\u00f3n residual en piezas flocadas.<\/p>\n<p>El sistema de medici\u00f3n se compone de:<\/p>\n<ol>\n<li>Minolta dimage scan Elite 5400, resoluci\u00f3n 5.400 ppi.<\/li>\n<li>Software Flockshape para el an\u00e1lisis de campo real<br \/>\nEl software est\u00e1 disponible en 3 versiones: SE, Lite, Full.<\/li>\n<\/ol>\n<p>Las principales caracter\u00edsticas de las distintas etapas de expansi\u00f3n son:<\/p>\n<p><strong>Flockshape versi\u00f3n b\u00e1sica SE<\/strong><\/p>\n<ul>\n<li>Perfil del usuario arreglado<\/li>\n<li>Escaneo de im\u00e1genes a trav\u00e9s de un esc\u00e1ner fijo<\/li>\n<li>M\u00e1scara de medici\u00f3n fija<\/li>\n<\/ul>\n<p><strong>Opci\u00f3n de extensi\u00f3n de Flockshape Lite<\/strong><\/p>\n<ul>\n<li>Perfil de usuario libremente parametrizable por el cliente<\/li>\n<li>Se puede crear cualquier n\u00famero de perfiles de usuario o n\u00fameros de sorteo<\/li>\n<li>Escanear im\u00e1genes mediante esc\u00e1neres y configuraciones predefinidas<\/li>\n<li>M\u00e1scaras de medici\u00f3n libremente seleccionables por el cliente<\/li>\n<li>Almacenamiento de los datos de medici\u00f3n por n\u00famero de lote en una base de datos y<br \/>\nSe puede recuperar en cualquier momento<\/li>\n<li>Creaci\u00f3n de mapas de calidad mediante Excel<\/li>\n<li>Certificados libremente configurables desde Excel<\/li>\n<li>Evaluaci\u00f3n mediante diferentes m\u00e1scaras de medici\u00f3n (por ejemplo, an\u00e1lisis mixto)<\/li>\n<\/ul>\n<p><strong>Opci\u00f3n de extensi\u00f3n de Flockshape completa<\/strong><\/p>\n<ul>\n<li>Perfil de usuario libremente parametrizable por el cliente<\/li>\n<li>Se puede crear cualquier n\u00famero de perfiles de usuario o n\u00fameros de sorteo<\/li>\n<li>Escanear im\u00e1genes a trav\u00e9s de cualquier esc\u00e1ner y configuraci\u00f3n<\/li>\n<li>M\u00e1scaras de medici\u00f3n libremente seleccionables por el cliente<\/li>\n<li>M\u00e1scaras de medici\u00f3n libremente parametrizables por el cliente<\/li>\n<li>Almacenamiento de los datos de medici\u00f3n por n\u00famero de lote en una base de datos y<br \/>\nSe puede recuperar en cualquier momento<\/li>\n<li>Creaci\u00f3n de mapas de calidad mediante Excel<\/li>\n<li>Certificados libremente configurables desde Excel<\/li>\n<li>Evaluaci\u00f3n mediante diferentes m\u00e1scaras de medici\u00f3n (por ejemplo, an\u00e1lisis mixto)<\/li>\n<li>Evaluaci\u00f3n estad\u00edstica de los datos del tubo de medici\u00f3n mediante el c\u00e1lculo de la hoja de c\u00e1lculo<\/li>\n<li>Procesamiento avanzado de cualquier imagen, por ejemplo SEM, TEM<\/li>\n<li>Procesamiento de im\u00e1genes libremente programable mediante macros<\/li>\n<li>Evaluaci\u00f3n individual de los objetos de medici\u00f3n<\/li>\n<li>Evaluaci\u00f3n gratuita de todos los par\u00e1metros de medici\u00f3n<\/li>\n<li>An\u00e1lisis de orientaci\u00f3n, an\u00e1lisis del vecino m\u00e1s cercano<\/li>\n<\/ul>\n<p>&nbsp;<\/p>\n<p>El alcance de la entrega no incluye el PC o el port\u00e1til necesarios. Pueden utilizarse todas las marcas comunes que cumplan el siguiente requisito m\u00ednimo:<\/p>\n<ul>\n<li>Compatible con IBM &gt;= 2,0 GHz<\/li>\n<li>CD-ROM actualizado<\/li>\n<li>RAM &gt;= 1,0 Gbyte<\/li>\n<li>Disco duro &gt;= 40 GB<\/li>\n<li>Gr\u00e1ficos &gt;= 32 MB sin aceleraci\u00f3n de gr\u00e1ficos,<\/li>\n<li>Windows XP Professional y MS Office SBE<br \/>\n(ingl\u00e9s o franc\u00e9s o alem\u00e1n o italiano)<\/li>\n<li>El esc\u00e1ner de virus debe estar apagado cuando Flockshape est\u00e9 funcionando.<\/li>\n<\/ul>","protected":false},"excerpt":{"rendered":"<p>El comprobador de la forma del reba\u00f1o se utiliza para medir una muestra de reba\u00f1o seg\u00fan varios criterios en un tiempo muy breve. Se mide el di\u00e1metro y la longitud de las fibras de reba\u00f1o mediante un an\u00e1lisis de imagen cuantitativo.<\/p>","protected":false},"featured_media":4828,"template":"","meta":[],"product_cat":[130],"product_tag":[],"_links":{"self":[{"href":"https:\/\/maagflock.com\/es\/wp-json\/wp\/v2\/product\/4827"}],"collection":[{"href":"https:\/\/maagflock.com\/es\/wp-json\/wp\/v2\/product"}],"about":[{"href":"https:\/\/maagflock.com\/es\/wp-json\/wp\/v2\/types\/product"}],"wp:featuredmedia":[{"embeddable":true,"href":"https:\/\/maagflock.com\/es\/wp-json\/wp\/v2\/media\/4828"}],"wp:attachment":[{"href":"https:\/\/maagflock.com\/es\/wp-json\/wp\/v2\/media?parent=4827"}],"wp:term":[{"taxonomy":"product_cat","embeddable":true,"href":"https:\/\/maagflock.com\/es\/wp-json\/wp\/v2\/product_cat?post=4827"},{"taxonomy":"product_tag","embeddable":true,"href":"https:\/\/maagflock.com\/es\/wp-json\/wp\/v2\/product_tag?post=4827"}],"curies":[{"name":"wp","href":"https:\/\/api.w.org\/{rel}","templated":true}]}}