{"id":4847,"date":"2021-10-27T14:06:18","date_gmt":"2021-10-27T12:06:18","guid":{"rendered":"https:\/\/maagflock.com\/?post_type=product&#038;p=4847"},"modified":"2021-10-27T16:15:22","modified_gmt":"2021-10-27T14:15:22","slug":"becherelektrode-epf","status":"publish","type":"product","link":"https:\/\/maagflock.com\/es\/producto\/becherelektrode-epf\/","title":{"rendered":"Electrodo de copa EPF"},"content":{"rendered":"<p><strong>Electrodo de copa EPF<\/strong><\/p>\n<p>El electrodo de copa para el EPF puede pedirse como pieza de recambio. La bola tiene un di\u00e1metro de \u00d8 40 mm (est\u00e1ndar).<\/p>\n<p>Otros electrodos de copa con otros di\u00e1metros del electrodo de bola a petici\u00f3n.<\/p>","protected":false},"excerpt":{"rendered":"<p>El electrodo de copa para el EPF puede pedirse como pieza de recambio.<\/p>","protected":false},"featured_media":4851,"template":"","meta":[],"product_cat":[118,132],"product_tag":[],"_links":{"self":[{"href":"https:\/\/maagflock.com\/es\/wp-json\/wp\/v2\/product\/4847"}],"collection":[{"href":"https:\/\/maagflock.com\/es\/wp-json\/wp\/v2\/product"}],"about":[{"href":"https:\/\/maagflock.com\/es\/wp-json\/wp\/v2\/types\/product"}],"wp:featuredmedia":[{"embeddable":true,"href":"https:\/\/maagflock.com\/es\/wp-json\/wp\/v2\/media\/4851"}],"wp:attachment":[{"href":"https:\/\/maagflock.com\/es\/wp-json\/wp\/v2\/media?parent=4847"}],"wp:term":[{"taxonomy":"product_cat","embeddable":true,"href":"https:\/\/maagflock.com\/es\/wp-json\/wp\/v2\/product_cat?post=4847"},{"taxonomy":"product_tag","embeddable":true,"href":"https:\/\/maagflock.com\/es\/wp-json\/wp\/v2\/product_tag?post=4847"}],"curies":[{"name":"wp","href":"https:\/\/api.w.org\/{rel}","templated":true}]}}