{"id":4913,"date":"2021-10-29T09:27:49","date_gmt":"2021-10-29T07:27:49","guid":{"rendered":"https:\/\/maagflock.com\/?post_type=product&#038;p=4913"},"modified":"2021-10-29T09:33:44","modified_gmt":"2021-10-29T07:33:44","slug":"dosierbuerste-epf","status":"publish","type":"product","link":"https:\/\/maagflock.com\/es\/producto\/dosierbuerste-epf\/","title":{"rendered":"Cepillo dosificador EPF"},"content":{"rendered":"<p><strong>Cepillo dosificador EPF<\/strong><\/p>\n<p>El cepillo dosificador del flocador electrost\u00e1tico-neum\u00e1tico EPF se utiliza para dosificar las fibras de flocado durante el flocado. As\u00ed se garantiza la correcta dosificaci\u00f3n de la cantidad de fibras.<\/p>","protected":false},"excerpt":{"rendered":"<p>El cepillo dosificador del flocador electrost\u00e1tico-neum\u00e1tico EPF se utiliza para dosificar las fibras de flocado durante el flocado.<\/p>","protected":false},"featured_media":4914,"template":"","meta":[],"product_cat":[132,118],"product_tag":[],"_links":{"self":[{"href":"https:\/\/maagflock.com\/es\/wp-json\/wp\/v2\/product\/4913"}],"collection":[{"href":"https:\/\/maagflock.com\/es\/wp-json\/wp\/v2\/product"}],"about":[{"href":"https:\/\/maagflock.com\/es\/wp-json\/wp\/v2\/types\/product"}],"wp:featuredmedia":[{"embeddable":true,"href":"https:\/\/maagflock.com\/es\/wp-json\/wp\/v2\/media\/4914"}],"wp:attachment":[{"href":"https:\/\/maagflock.com\/es\/wp-json\/wp\/v2\/media?parent=4913"}],"wp:term":[{"taxonomy":"product_cat","embeddable":true,"href":"https:\/\/maagflock.com\/es\/wp-json\/wp\/v2\/product_cat?post=4913"},{"taxonomy":"product_tag","embeddable":true,"href":"https:\/\/maagflock.com\/es\/wp-json\/wp\/v2\/product_tag?post=4913"}],"curies":[{"name":"wp","href":"https:\/\/api.w.org\/{rel}","templated":true}]}}