{"id":4915,"date":"2021-10-29T09:38:45","date_gmt":"2021-10-29T07:38:45","guid":{"rendered":"https:\/\/maagflock.com\/?post_type=product&#038;p=4915"},"modified":"2021-10-29T13:25:08","modified_gmt":"2021-10-29T11:25:08","slug":"lochblechsiebeinsatz-epf","status":"publish","type":"product","link":"https:\/\/maagflock.com\/es\/producto\/lochblechsiebeinsatz-epf\/","title":{"rendered":"Inserto de criba de chapa perforada EPF"},"content":{"rendered":"<p><strong>Inserto de criba de chapa perforada EPF<\/strong><\/p>\n<p>El inserto de pantalla de placa perforada, al igual que el cepillo dosificador, tambi\u00e9n se utiliza para dosificar las fibras de flocado durante el flocado con la unidad de flocado electrost\u00e1tica-neum\u00e1tica EPF.<\/p>","protected":false},"excerpt":{"rendered":"<p>El inserto de pantalla de placa perforada, al igual que el cepillo dosificador, tambi\u00e9n se utiliza para dosificar las fibras de flocado durante el flocado con la unidad de flocado electrost\u00e1tica-neum\u00e1tica EPF.<\/p>","protected":false},"featured_media":4917,"template":"","meta":[],"product_cat":[132,118],"product_tag":[],"_links":{"self":[{"href":"https:\/\/maagflock.com\/es\/wp-json\/wp\/v2\/product\/4915"}],"collection":[{"href":"https:\/\/maagflock.com\/es\/wp-json\/wp\/v2\/product"}],"about":[{"href":"https:\/\/maagflock.com\/es\/wp-json\/wp\/v2\/types\/product"}],"wp:featuredmedia":[{"embeddable":true,"href":"https:\/\/maagflock.com\/es\/wp-json\/wp\/v2\/media\/4917"}],"wp:attachment":[{"href":"https:\/\/maagflock.com\/es\/wp-json\/wp\/v2\/media?parent=4915"}],"wp:term":[{"taxonomy":"product_cat","embeddable":true,"href":"https:\/\/maagflock.com\/es\/wp-json\/wp\/v2\/product_cat?post=4915"},{"taxonomy":"product_tag","embeddable":true,"href":"https:\/\/maagflock.com\/es\/wp-json\/wp\/v2\/product_tag?post=4915"}],"curies":[{"name":"wp","href":"https:\/\/api.w.org\/{rel}","templated":true}]}}