{"id":4918,"date":"2021-10-29T09:43:14","date_gmt":"2021-10-29T07:43:14","guid":{"rendered":"https:\/\/maagflock.com\/?post_type=product&#038;p=4918"},"modified":"2021-10-29T13:24:39","modified_gmt":"2021-10-29T11:24:39","slug":"luftschlauch-epf","status":"publish","type":"product","link":"https:\/\/maagflock.com\/es\/producto\/luftschlauch-epf\/","title":{"rendered":"Manguera de aire EPF"},"content":{"rendered":"<p><strong>Manguera de aire EPF<\/strong><\/p>\n<p>La manguera de aire de la unidad de flocado electrost\u00e1tica-neum\u00e1tica EPF se utiliza para suministrar aire y transportar el flock desde la m\u00e1quina hasta el electrodo de la copa para realizar el flocado.<\/p>\n<p>La longitud est\u00e1ndar de la manguera es de 3650 mm.<\/p>","protected":false},"excerpt":{"rendered":"<p>La manguera de aire de la unidad de flocado electrost\u00e1tica-neum\u00e1tica EPF se utiliza para suministrar aire y transportar el flock desde la m\u00e1quina hasta el electrodo de la copa para realizar el flocado.<\/p>","protected":false},"featured_media":4919,"template":"","meta":[],"product_cat":[132,118],"product_tag":[],"_links":{"self":[{"href":"https:\/\/maagflock.com\/es\/wp-json\/wp\/v2\/product\/4918"}],"collection":[{"href":"https:\/\/maagflock.com\/es\/wp-json\/wp\/v2\/product"}],"about":[{"href":"https:\/\/maagflock.com\/es\/wp-json\/wp\/v2\/types\/product"}],"wp:featuredmedia":[{"embeddable":true,"href":"https:\/\/maagflock.com\/es\/wp-json\/wp\/v2\/media\/4919"}],"wp:attachment":[{"href":"https:\/\/maagflock.com\/es\/wp-json\/wp\/v2\/media?parent=4918"}],"wp:term":[{"taxonomy":"product_cat","embeddable":true,"href":"https:\/\/maagflock.com\/es\/wp-json\/wp\/v2\/product_cat?post=4918"},{"taxonomy":"product_tag","embeddable":true,"href":"https:\/\/maagflock.com\/es\/wp-json\/wp\/v2\/product_tag?post=4918"}],"curies":[{"name":"wp","href":"https:\/\/api.w.org\/{rel}","templated":true}]}}