{"id":5034,"date":"2021-12-08T13:14:25","date_gmt":"2021-12-08T12:14:25","guid":{"rendered":"https:\/\/maagflock.com\/?post_type=product&#038;p=5034"},"modified":"2021-12-08T13:14:26","modified_gmt":"2021-12-08T12:14:26","slug":"mulf-direktbefeuchtung","status":"publish","type":"product","link":"https:\/\/maagflock.com\/es\/producto\/mulf-direktbefeuchtung\/","title":{"rendered":"Humidificaci\u00f3n directa MULF"},"content":{"rendered":"<p><strong>Humidificaci\u00f3n directa MULF<\/strong><\/p>\n<p>La humidificaci\u00f3n directa MULF humidifica con la ayuda de una t\u00e9cnica ultras\u00f3nica. Con este tipo de humidificaci\u00f3n, el agua se atomiza en los aerosoles m\u00e1s peque\u00f1os (1\u00b5m) mediante oscilaciones ultras\u00f3nicas. A m\u00e1xima potencia, s\u00f3lo requiere una cantidad m\u00ednima de energ\u00eda. En comparaci\u00f3n con los humidificadores de vapor cl\u00e1sicos, el humidificador directo MULF consigue un ahorro energ\u00e9tico de hasta 93 %. El humidificador es infinitamente variable de 0 a 100 %, no tiene condensado y puede utilizarse tanto como unidad independiente como en una soluci\u00f3n de aire acondicionado existente.<\/p>\n<p>La humidificaci\u00f3n directa MULF est\u00e1 disponible en diferentes versiones:<\/p>\n<ul>\n<li>MULF D2: 2l\/h<\/li>\n<li>MULF D3: 3l\/h<\/li>\n<li>MULF D4: 4l\/h<\/li>\n<li>MULF D5: 5l\/h<\/li>\n<\/ul>\n<p>&nbsp;<\/p>\n<p>Durante el flocado, la humidificaci\u00f3n del aire sirve para crear un clima ambiental \u00f3ptimo y las condiciones adecuadas durante la aplicaci\u00f3n del flocado.<\/p>\n<p>&nbsp;<\/p>\n<p><strong>Datos t\u00e9cnicos y equipamiento b\u00e1sico:<\/strong><\/p>\n<ul>\n<li>\u00d3smosis inversa para la desmineralizaci\u00f3n<\/li>\n<li>Humidificador ambiental directo: capacidad de humidificaci\u00f3n: 3l\/h, potencia 240 VA, tensi\u00f3n 48 V \/ 50 Hz, incl. Aquadrain<\/li>\n<li>Armario de control: incluye transformador de 500 W y transmisor de humedad ambiental, as\u00ed como control digital, potencia 500 VA, tensi\u00f3n 230 V \/ 50 Hz<\/li>\n<li>Soporte de pared: 1060 x 380 x 259 mm<\/li>\n<li>Material de montaje: Cableado y tubo<\/li>\n<\/ul>","protected":false},"excerpt":{"rendered":"<p>La humidificaci\u00f3n directa MULF humidifica con la ayuda de la tecnolog\u00eda ultras\u00f3nica. Las distintas versiones difieren en la capacidad de humidificaci\u00f3n, desde 2 l\/h hasta 5 l\/h. Durante el flocado, la humidificaci\u00f3n del aire sirve para crear el clima ambiental \u00f3ptimo para la creaci\u00f3n de las condiciones adecuadas durante la aplicaci\u00f3n del flocado.<\/p>","protected":false},"featured_media":5040,"template":"","meta":[],"product_cat":[118,125],"product_tag":[],"_links":{"self":[{"href":"https:\/\/maagflock.com\/es\/wp-json\/wp\/v2\/product\/5034"}],"collection":[{"href":"https:\/\/maagflock.com\/es\/wp-json\/wp\/v2\/product"}],"about":[{"href":"https:\/\/maagflock.com\/es\/wp-json\/wp\/v2\/types\/product"}],"wp:featuredmedia":[{"embeddable":true,"href":"https:\/\/maagflock.com\/es\/wp-json\/wp\/v2\/media\/5040"}],"wp:attachment":[{"href":"https:\/\/maagflock.com\/es\/wp-json\/wp\/v2\/media?parent=5034"}],"wp:term":[{"taxonomy":"product_cat","embeddable":true,"href":"https:\/\/maagflock.com\/es\/wp-json\/wp\/v2\/product_cat?post=5034"},{"taxonomy":"product_tag","embeddable":true,"href":"https:\/\/maagflock.com\/es\/wp-json\/wp\/v2\/product_tag?post=5034"}],"curies":[{"name":"wp","href":"https:\/\/api.w.org\/{rel}","templated":true}]}}