{"id":5041,"date":"2021-12-08T13:15:18","date_gmt":"2021-12-08T12:15:18","guid":{"rendered":"https:\/\/maagflock.com\/?post_type=product&#038;p=5041"},"modified":"2021-12-08T13:15:18","modified_gmt":"2021-12-08T12:15:18","slug":"mulf-kanalbefeuchtung","status":"publish","type":"product","link":"https:\/\/maagflock.com\/es\/producto\/mulf-kanalbefeuchtung\/","title":{"rendered":"Humidificaci\u00f3n del conducto MULF"},"content":{"rendered":"<p><strong>Humidificaci\u00f3n del conducto MULF<\/strong><\/p>\n<p>El humidificador de conductos MULF humidifica con la ayuda de una t\u00e9cnica ultras\u00f3nica. Con este tipo de humidificaci\u00f3n, el agua se atomiza en los aerosoles m\u00e1s peque\u00f1os (1\u00b5m) mediante oscilaciones ultras\u00f3nicas. A m\u00e1xima potencia, s\u00f3lo requiere una cantidad m\u00ednima de energ\u00eda. En comparaci\u00f3n con los humidificadores de vapor cl\u00e1sicos, el humidificador directo MULF consigue un ahorro energ\u00e9tico de hasta 93 %. El humidificador es infinitamente variable de 0 a 100 %, no tiene condensado y puede utilizarse tanto como unidad independiente como en una soluci\u00f3n de aire acondicionado existente.<\/p>\n<p>El humidificador de conductos MULF est\u00e1 disponible en diferentes versiones:<\/p>\n<ul>\n<li>MULF K1: hasta 400 m\u00b3\/h, capacidad de humidificaci\u00f3n: 3,6 l\/h, potencia 185 VA, tensi\u00f3n 48 V \/ 50 Hz, incl. Aquadrain, dimensiones del conducto: 500 x 500 x 1500 mm<\/li>\n<li>MULF K2: hasta 700 m\u00b3\/h, capacidad de humidificaci\u00f3n: 7,2 l\/h, potencia 375 VA, tensi\u00f3n 48 V \/ 50 Hz, incl. Aquadrain, dimensiones del conducto: 500 x 650 x 1500 mm<\/li>\n<li>MULF K3: hasta 1100 m\u00b3\/h, capacidad de humidificaci\u00f3n: 10,8 l\/h, potencia 555 VA, tensi\u00f3n 48 V \/ 50 Hz, incl. Aquadrain, dimensiones del conducto: 500 x 800 x 1500 mm<\/li>\n<li>MULF K4: hasta 1400 m\u00b3\/h, capacidad de humidificaci\u00f3n: 14,4 l\/h, potencia 735 VA, tensi\u00f3n 48 V \/ 50 Hz, incl. Aquadrain, dimensiones del conducto: 500 x 950 x 1500 mm<\/li>\n<\/ul>\n<p>&nbsp;<\/p>\n<p>Durante el flocado, la humidificaci\u00f3n del aire sirve para crear un clima ambiental \u00f3ptimo y las condiciones adecuadas durante la aplicaci\u00f3n del flocado.<\/p>\n<p>&nbsp;<\/p>\n<p><strong>Datos t\u00e9cnicos y equipamiento b\u00e1sico:<\/strong><\/p>\n<ul>\n<li>\u00d3smosis inversa para la desmineralizaci\u00f3n<\/li>\n<li>Armario de control: incluye transformador de 500 W y transmisor de humedad ambiental, as\u00ed como control digital, potencia 500 VA, tensi\u00f3n 230 V \/ 50 Hz<\/li>\n<li>Soporte de pared: 1060 x 380 x 259 mm<\/li>\n<li>Material de montaje: Cableado y tubo<\/li>\n<\/ul>","protected":false},"excerpt":{"rendered":"<p>El humidificador de conductos MULF humidifica con la ayuda de la tecnolog\u00eda ultras\u00f3nica. Las distintas versiones difieren en cuanto a la capacidad de humidificaci\u00f3n, desde 400 m\u00b3\/h hasta 1400 m\u00b3\/h. Durante el flocado, la humidificaci\u00f3n del aire sirve para crear el clima ambiental \u00f3ptimo para la creaci\u00f3n de las condiciones adecuadas durante la aplicaci\u00f3n del flocado.<\/p>","protected":false},"featured_media":5039,"template":"","meta":[],"product_cat":[118,125],"product_tag":[],"_links":{"self":[{"href":"https:\/\/maagflock.com\/es\/wp-json\/wp\/v2\/product\/5041"}],"collection":[{"href":"https:\/\/maagflock.com\/es\/wp-json\/wp\/v2\/product"}],"about":[{"href":"https:\/\/maagflock.com\/es\/wp-json\/wp\/v2\/types\/product"}],"wp:featuredmedia":[{"embeddable":true,"href":"https:\/\/maagflock.com\/es\/wp-json\/wp\/v2\/media\/5039"}],"wp:attachment":[{"href":"https:\/\/maagflock.com\/es\/wp-json\/wp\/v2\/media?parent=5041"}],"wp:term":[{"taxonomy":"product_cat","embeddable":true,"href":"https:\/\/maagflock.com\/es\/wp-json\/wp\/v2\/product_cat?post=5041"},{"taxonomy":"product_tag","embeddable":true,"href":"https:\/\/maagflock.com\/es\/wp-json\/wp\/v2\/product_tag?post=5041"}],"curies":[{"name":"wp","href":"https:\/\/api.w.org\/{rel}","templated":true}]}}