{"id":5061,"date":"2021-11-11T09:47:10","date_gmt":"2021-11-11T08:47:10","guid":{"rendered":"https:\/\/maagflock.com\/?post_type=product&#038;p=5061"},"modified":"2021-11-11T16:02:16","modified_gmt":"2021-11-11T15:02:16","slug":"profiltrockner-maag-pt","status":"publish","type":"product","link":"https:\/\/maagflock.com\/es\/producto\/profiltrockner-maag-pt\/","title":{"rendered":"Secador de perfil Maag PT"},"content":{"rendered":"<p><strong>Secador de perfil Maag PT<\/strong><\/p>\n<p>El secador de perfiles se utiliza para secar el perfil. Todo el canal de secado se fabrica como un marco de acero de perfil estable y se puede calentar el\u00e9ctricamente o con gas (aire caliente), entre otras cosas. La longitud del canal puede adaptarse a sus necesidades a partir de 3000 mm.<\/p>\n<p>El canal de la media est\u00e1 compuesto por:<\/p>\n<ul>\n<li>Elementos de secado adaptables individualmente<\/li>\n<li>Cada elemento de secado tiene una tapa aislada que puede abrirse y cerrarse neum\u00e1ticamente<\/li>\n<li>Cubeta interior del canal de secado de acero inoxidable<\/li>\n<li>Aislamiento de la carcasa del secador 160 mm de fibra mineral<\/li>\n<li>Flujo opuesto de aire de circulaci\u00f3n del secador al perfil por medio de un ventilador de media presi\u00f3n con 4 boquillas de entrada<\/li>\n<li>Vol\u00famenes de aire de recirculaci\u00f3n y de escape ajustables manualmente mediante aletas<\/li>\n<\/ul>\n<p><strong>Datos t\u00e9cnicos: <\/strong><\/p>\n<ul>\n<li>Potencia el\u00e9ctrica en funci\u00f3n del tama\u00f1o entre 2,0 kW y 6 kW<\/li>\n<li>Aire de escape: m\u00e1x. 900 m\u00b3\/h<\/li>\n<li>Aire comprimido: 6 - 8 bar; \u00bd\".<\/li>\n<\/ul>\n<p>&nbsp;<\/p>","protected":false},"excerpt":{"rendered":"<p>El secador de perfiles Maag PT se utiliza para secar el perfil. Todo el canal de secado se fabrica como un marco de acero de perfil estable y se puede calentar el\u00e9ctricamente o con gas (aire caliente), entre otras cosas.<\/p>","protected":false},"featured_media":5062,"template":"","meta":[],"product_cat":[134,119],"product_tag":[],"_links":{"self":[{"href":"https:\/\/maagflock.com\/es\/wp-json\/wp\/v2\/product\/5061"}],"collection":[{"href":"https:\/\/maagflock.com\/es\/wp-json\/wp\/v2\/product"}],"about":[{"href":"https:\/\/maagflock.com\/es\/wp-json\/wp\/v2\/types\/product"}],"wp:featuredmedia":[{"embeddable":true,"href":"https:\/\/maagflock.com\/es\/wp-json\/wp\/v2\/media\/5062"}],"wp:attachment":[{"href":"https:\/\/maagflock.com\/es\/wp-json\/wp\/v2\/media?parent=5061"}],"wp:term":[{"taxonomy":"product_cat","embeddable":true,"href":"https:\/\/maagflock.com\/es\/wp-json\/wp\/v2\/product_cat?post=5061"},{"taxonomy":"product_tag","embeddable":true,"href":"https:\/\/maagflock.com\/es\/wp-json\/wp\/v2\/product_tag?post=5061"}],"curies":[{"name":"wp","href":"https:\/\/api.w.org\/{rel}","templated":true}]}}