{"id":5066,"date":"2021-11-11T11:51:29","date_gmt":"2021-11-11T10:51:29","guid":{"rendered":"https:\/\/maagflock.com\/?post_type=product&#038;p=5066"},"modified":"2021-11-15T15:43:17","modified_gmt":"2021-11-15T14:43:17","slug":"flaechenbeflockungsmaschine","status":"publish","type":"product","link":"https:\/\/maagflock.com\/es\/producto\/flaechenbeflockungsmaschine\/","title":{"rendered":"M\u00e1quina de flocado de superficies"},"content":{"rendered":"<p><strong>M\u00e1quina de flocado de superficies<\/strong><\/p>\n<p>El flocado de superficies se utiliza para el refinamiento profesional y la protecci\u00f3n de superficies mediante el flocado. Los paneles de ABS y de poliestireno, los paneles de madera y de cart\u00f3n duro, los paneles met\u00e1licos, as\u00ed como las placas de PVC y otros materiales pueden ser flocados.<\/p>\n<p>El flocado se realiza a una velocidad constante de la banda, con la cabina bajo presi\u00f3n negativa para asegurar el sellado y as\u00ed minimizar el arrastre de borras. Gracias a su dise\u00f1o modular, la unidad de flocado monosuperficie puede adaptarse y construirse individualmente seg\u00fan los requisitos del cliente. El dep\u00f3sito central de recogida se utiliza para devolver el reba\u00f1o, lo que da lugar a un reciclaje del reba\u00f1o.<\/p>\n<p>&nbsp;<\/p>\n<p><strong>La m\u00e1quina de flocado consiste y puede ampliarse en cualquier momento:<\/strong><\/p>\n<ul>\n<li>Carcasa de la m\u00e1quina en dise\u00f1o de acero seccional<\/li>\n<li>Puerta de mantenimiento frontal, giratoria y con fusible el\u00e9ctrico<\/li>\n<li>Paneles de plexigl\u00e1s en 3 lados, cerrados con cierres r\u00e1pidos, desmontables<\/li>\n<li>Bastidor de la m\u00e1quina en forma de embudo para recoger el excedente de reba\u00f1o<\/li>\n<li>Recogida del exceso de borras por medio de un eje espiral motorizado<\/li>\n<li>Kit de montaje en el techo para el transportador neum\u00e1tico de flocado HB 201 en el bastidor de la m\u00e1quina de flocado<\/li>\n<li>1 Transportador neum\u00e1tico de reba\u00f1os HB 201 con control integrado.<\/li>\n<li>Tuber\u00eda en el lado de succi\u00f3n desde la tolva del bastidor de la m\u00e1quina hasta el HB 201 y manguera de entrega desde el HB 201 hasta la caja de medici\u00f3n.<\/li>\n<li>Control de nivel F\u00dc Rotonivo - N<\/li>\n<li>Ajuste de la altura de la caja de medici\u00f3n a trav\u00e9s del accionamiento trif\u00e1sico<\/li>\n<li>Control a trav\u00e9s de la unidad de control montada en la parte delantera del bastidor de la m\u00e1quina con funci\u00f3n de subida\/bajada<\/li>\n<li>Posiciones finales del recorrido de ajuste controladas por sensores<\/li>\n<li>Extensi\u00f3n del bastidor de la m\u00e1quina en ambos lados en forma de embudo para recoger el excedente de escamas<\/li>\n<li>Cinta transportadora motorizada con estaci\u00f3n de tensado integrada.<\/li>\n<li>Barra de aspiraci\u00f3n de prelimpieza montada en el lado de salida de la carcasa de la m\u00e1quina<\/li>\n<li>Kit de tuber\u00edas internas<\/li>\n<li>Panel de control m\u00f3vil y el\u00e9ctrico para el control de las funciones necesarias de la m\u00e1quina con los siguientes datos de conexi\u00f3n: Tensi\u00f3n de entrada: 400 V AC, frecuencia de entrada: 50 Hz<\/li>\n<li>Color - RAL 7035, gris claro<\/li>\n<li>Dimensiones y peso seg\u00fan plano<\/li>\n<li>Datos de rendimiento del generador de alta tensi\u00f3n: corriente de salida: 800 \u00b5A a 10 - 80 kV, 600 \u00b5A a 80 - 100 kV; secci\u00f3n de control: 24 V DC, m\u00e1x. 250 mA; secci\u00f3n de potencia: 24 V DC, m\u00e1x. 4 A<\/li>\n<\/ul>","protected":false},"excerpt":{"rendered":"<p>La m\u00e1quina de flocado de superficies se utiliza para el flocado para el acabado profesional y la protecci\u00f3n de superficies. Se pueden flocar l\u00e1minas de ABS y poliestireno, madera y tableros duros, l\u00e1minas de metal, as\u00ed como piezas en bruto de PVC y otros materiales.<\/p>","protected":false},"featured_media":5067,"template":"","meta":[],"product_cat":[135,119],"product_tag":[],"_links":{"self":[{"href":"https:\/\/maagflock.com\/es\/wp-json\/wp\/v2\/product\/5066"}],"collection":[{"href":"https:\/\/maagflock.com\/es\/wp-json\/wp\/v2\/product"}],"about":[{"href":"https:\/\/maagflock.com\/es\/wp-json\/wp\/v2\/types\/product"}],"wp:featuredmedia":[{"embeddable":true,"href":"https:\/\/maagflock.com\/es\/wp-json\/wp\/v2\/media\/5067"}],"wp:attachment":[{"href":"https:\/\/maagflock.com\/es\/wp-json\/wp\/v2\/media?parent=5066"}],"wp:term":[{"taxonomy":"product_cat","embeddable":true,"href":"https:\/\/maagflock.com\/es\/wp-json\/wp\/v2\/product_cat?post=5066"},{"taxonomy":"product_tag","embeddable":true,"href":"https:\/\/maagflock.com\/es\/wp-json\/wp\/v2\/product_tag?post=5066"}],"curies":[{"name":"wp","href":"https:\/\/api.w.org\/{rel}","templated":true}]}}