{"id":5068,"date":"2021-11-11T13:28:59","date_gmt":"2021-11-11T12:28:59","guid":{"rendered":"https:\/\/maagflock.com\/?post_type=product&#038;p=5068"},"modified":"2021-11-15T15:44:26","modified_gmt":"2021-11-15T14:44:26","slug":"flaechentrockner","status":"publish","type":"product","link":"https:\/\/maagflock.com\/es\/producto\/flaechentrockner\/","title":{"rendered":"Secador de superficie"},"content":{"rendered":"<p><strong>Secador de superficie<\/strong><\/p>\n<p>Para el secado despu\u00e9s del flocado, las piezas flocadas pueden secarse con la ayuda de un armario o de un secador continuo. Se distingue entre secadores adecuados para adhesivos de base acuosa o adhesivos de dispersi\u00f3n.<\/p>\n<p>&nbsp;<\/p>\n<p><strong>Cabina de secado para adhesivos de base acuosa<\/strong><\/p>\n<ul>\n<li>flujo de aire horizontal para una temperatura de funcionamiento de hasta 160\u00b0C,<\/li>\n<li>Rejillas ajustables en la entrada de aire para una distribuci\u00f3n \u00f3ptima del mismo<\/li>\n<li>Puerta de doble hoja en la parte delantera para la carga y descarga, asegurada con interruptor de fin de carrera, funci\u00f3n de secador, bloqueable con ventilaci\u00f3n externa del lado del cliente mediante contacto libre de potencial<\/li>\n<li>Carcasa interior y exterior de chapa de acero galvanizado, aislamiento de lana de vidrio en todos los lados con un espesor de 100 mm<\/li>\n<li>En la parte inferior del secador se han previsto 2 ra\u00edles para la introducci\u00f3n de carros.<\/li>\n<li>Caja de control<\/li>\n<li>Regulaci\u00f3n de la temperatura mediante regulador con indicaci\u00f3n digital del valor real y ajuste anal\u00f3gico del valor de consigna, conmutaci\u00f3n de la carga mediante rel\u00e9 de estado s\u00f3lido, con protecci\u00f3n separada contra sobretemperatura<\/li>\n<li>Pared trasera con solapa de ruptura separada, bloqueada mediante elemento de muelle<\/li>\n<li>Dimensiones interiores: 1600 mm de alto, 1100 mm de ancho, 850 mm de profundidad<\/li>\n<li>Dimensiones externas: 1990 mm de altura (con motor de ventilador 2320 mm), 1640 mm de ancho (con caja de interruptores 1860 mm), 1150 mm de profundidad<\/li>\n<li>Tensi\u00f3n: 3 x 400 V 3 Ph\/PE, 50 Hz, tensi\u00f3n de control: 230 V, 50 Hz, con transformador<\/li>\n<li>Potencia calor\u00edfica total: 22,5 kW, de los cuales carga base: 15 kW, de los cuales carga adicional: 7,5 kW<\/li>\n<li>Potencia del motor del soplador: 1,1 kW<\/li>\n<li>Carga total conectada: 23,6 kW<\/li>\n<li>Volumen de aire de escape de soplado libre 60 - 200 m3\/h , dependiendo de la posici\u00f3n de la aleta de aire<\/li>\n<li>Conexi\u00f3n del tubo de escape: 130 mm<\/li>\n<li>Acabado de laca: Exterior RAL 7035 laca texturizada gris claro<\/li>\n<\/ul>\n<p>&nbsp;<\/p>\n<p><strong>Secador continuo para adhesivos de dispersi\u00f3n<\/strong><\/p>\n<p>La estructura b\u00e1sica se ensambla a partir de elementos de panel que se fabrican como casetes de chapa de acero de doble pared. Los elementos individuales son de chapa de acero galvanizada electrol\u00edticamente. Son lisos por ambos lados y est\u00e1n aislados con esteras s\u00f3lidas de lana de roca seg\u00fan la norma DIN 4102, de 100 mm de espesor. Para acceder a la secadora, se pueden retirar 6 paneles en cada uno de los lados largos soltando los cierres r\u00e1pidos. La altura de las aberturas de entrada y salida de la cinta transportadora puede ajustarse mediante una placa de cubierta cada una.<\/p>\n<p>La secadora se calienta mediante calentadores el\u00e9ctricos de tubo con aletas y est\u00e1 dividida en tres circuitos de calefacci\u00f3n.<\/p>\n<ul>\n<li>Carga de calefacci\u00f3n: 6 elementos de calefacci\u00f3n a 2,0 kW cada uno = 12,0 kW<\/li>\n<li>Carga base: 12 elementos de calefacci\u00f3n a 2,0 kW cada uno = 24,0 kW<\/li>\n<li>Carga de control: 6 elementos de calefacci\u00f3n a 2,0 kW cada uno = 12,0 kW<\/li>\n<li>Rendimiento del aire m\u00e1x. 14 000 m<sup>3<\/sup>\/h.<\/li>\n<\/ul>\n<p>El secador est\u00e1 dise\u00f1ado para una temperatura m\u00e1xima del aire circulante de 100 \u00b0C. El aire caliente se introduce en la c\u00e1mara de secado a trav\u00e9s del techo mediante conductos de aire con rejillas de suministro de aire con aletas ajustables desde el centro de la secadora. La extracci\u00f3n se realiza a trav\u00e9s de un conducto de aire de retorno con rejillas de admisi\u00f3n por encima del suelo en el centro de la secadora. Esto significa que las piezas est\u00e1n expuestas al aire por todos los lados, lo que garantiza un secado uniforme. La caja de la unidad se monta en el lateral de la carcasa de la secadora y contiene la zona de calentamiento completa con la bobina de calentamiento incorporada. La temperatura se controla mediante un term\u00f3metro de resistencia Pt 100 y el controlador electr\u00f3nico de tres puntos con pantalla digital instalado en el armario de control. Adem\u00e1s, la secadora est\u00e1 equipada con un termostato de seguridad para limitar la sobretemperatura.<\/p>\n<p>En el conducto de aire de recirculaci\u00f3n (ventilador) se ha instalado un sensor de presi\u00f3n para controlar el sistema de recirculaci\u00f3n, que desconecta autom\u00e1ticamente el dispositivo de calefacci\u00f3n si el ventilador de recirculaci\u00f3n falla. Despu\u00e9s de apagar la secadora, el ventilador de recirculaci\u00f3n tiene un tiempo de seguimiento fijo de 5 minutos. Esto sirve para proteger y enfriar las resistencias y para ventilar el compartimento de la secadora. La velocidad del ventilador de aire circulante est\u00e1 controlada por frecuencia y puede ajustarse a los requisitos t\u00e9cnicos de producci\u00f3n mediante un potenci\u00f3metro en el armario de control.<\/p>\n<p>Delante de la c\u00e1mara de calefacci\u00f3n se ha instalado una conexi\u00f3n de aire de salida, \u00d8 150 mm, con trampilla de regulaci\u00f3n incorporada y bloqueable en el lado de la presi\u00f3n para la conexi\u00f3n con las tuber\u00edas de la obra por encima del tejado.<\/p>\n<p>&nbsp;<\/p>\n<p><strong>Datos t\u00e9cnicos:<\/strong><\/p>\n<ul>\n<li>Medio de calentamiento: El\u00e9ctrico<\/li>\n<li>Capacidad de calefacci\u00f3n: 48 kW<\/li>\n<li>Ventilador de recirculaci\u00f3n: 4,0 kW<\/li>\n<li>Volumen de aire de recirculaci\u00f3n: aprox. 14.000 m<sup>3<\/sup>\/h<\/li>\n<li>Secador de aire de escape: aprox. 200 m<sup>3<\/sup>\/h<\/li>\n<li>Carga total conectada: 75 A<\/li>\n<li>Longitud total del secador: 10,0 m<\/li>\n<li>Ancho de la cinta: 1100 mm<\/li>\n<li>Altura libre de paso: 400 mm<\/li>\n<\/ul>","protected":false},"excerpt":{"rendered":"<p>El secador de superficie se utiliza para el secado despu\u00e9s del flocado.<\/p>","protected":false},"featured_media":5069,"template":"","meta":[],"product_cat":[135,119],"product_tag":[],"_links":{"self":[{"href":"https:\/\/maagflock.com\/es\/wp-json\/wp\/v2\/product\/5068"}],"collection":[{"href":"https:\/\/maagflock.com\/es\/wp-json\/wp\/v2\/product"}],"about":[{"href":"https:\/\/maagflock.com\/es\/wp-json\/wp\/v2\/types\/product"}],"wp:featuredmedia":[{"embeddable":true,"href":"https:\/\/maagflock.com\/es\/wp-json\/wp\/v2\/media\/5069"}],"wp:attachment":[{"href":"https:\/\/maagflock.com\/es\/wp-json\/wp\/v2\/media?parent=5068"}],"wp:term":[{"taxonomy":"product_cat","embeddable":true,"href":"https:\/\/maagflock.com\/es\/wp-json\/wp\/v2\/product_cat?post=5068"},{"taxonomy":"product_tag","embeddable":true,"href":"https:\/\/maagflock.com\/es\/wp-json\/wp\/v2\/product_tag?post=5068"}],"curies":[{"name":"wp","href":"https:\/\/api.w.org\/{rel}","templated":true}]}}