{"id":5070,"date":"2021-11-11T14:20:45","date_gmt":"2021-11-11T13:20:45","guid":{"rendered":"https:\/\/maagflock.com\/?post_type=product&#038;p=5070"},"modified":"2021-11-16T10:24:11","modified_gmt":"2021-11-16T09:24:11","slug":"flaechenvorbehandlungs-und-reinigungseinheit","status":"publish","type":"product","link":"https:\/\/maagflock.com\/es\/producto\/flaechenvorbehandlungs-und-reinigungseinheit\/","title":{"rendered":"Unidad de pretratamiento y limpieza de superficies"},"content":{"rendered":"<p><strong>Unidad de pretratamiento y limpieza de superficies<\/strong><\/p>\n<p>La unidad de pretratamiento y limpieza de la superficie garantiza un pretratamiento y una limpieza \u00f3ptimos, as\u00ed como la extracci\u00f3n del exceso de borra residual. La intensidad de la aspiraci\u00f3n puede ajustarse a las necesidades de trabajo. Adem\u00e1s, es posible colocar ejes batidores que permiten aflojar mec\u00e1nicamente la borra. La puerta abatible integrada permite un f\u00e1cil acceso para la limpieza y el vaciado, as\u00ed como para el mantenimiento de la estaci\u00f3n de extracci\u00f3n. Adem\u00e1s, la estaci\u00f3n de extracci\u00f3n puede utilizarse como estaci\u00f3n de extracci\u00f3n doble para garantizar una mayor velocidad de la cinta y obtener un producto \u00f3ptimamente limpio.<\/p>\n<p>Maag Flock ofrece dos dise\u00f1os diferentes de unidad de pretratamiento y limpieza de superficies:<br \/>\nconstrucci\u00f3n abierta (limpieza a trav\u00e9s de 2 haces de aspiraci\u00f3n)<br \/>\nConstrucci\u00f3n cerrada (limpieza mediante aire comprimido estrangulado)<\/p>\n<p>Una cinta transportadora traslada las piezas en bruto a trav\u00e9s del proceso de limpieza. Se instalan dos cajas de aspiraci\u00f3n debajo de la cinta transportadora para mantener las piezas en bruto en su lugar durante la limpieza por medio de un bajo vac\u00edo. Para evitar que los trozos caigan en el rascador de la m\u00e1quina, se dispone de un rodillo accionado a la entrada y a la salida de la cinta transportadora. El dispositivo de limpieza est\u00e1 conectado al dispositivo de succi\u00f3n de la m\u00e1quina de flocado.<\/p>\n<p>&nbsp;<\/p>\n<p><strong>La versi\u00f3n cerrada consta de:<\/strong><br \/>\nUn bastidor de m\u00e1quina estable y soldado con 3 tolvas de recogida de reba\u00f1os con conexi\u00f3n a un potente dispositivo de aspiraci\u00f3n. En el lado operativo, la limpieza previa puede abrirse mediante un cap\u00f3 de accionamiento neum\u00e1tico. El proceso de limpieza se puede observar a trav\u00e9s de una gran abertura de plexigl\u00e1s en el cap\u00f3 de la cubierta. Tambi\u00e9n se ha instalado un sistema de iluminaci\u00f3n estanco al polvo en el cap\u00f3 de la cubierta.<\/p>\n<p>&nbsp;<\/p>\n<p><strong>La variante abierta consiste en:<\/strong><br \/>\nUn bastidor de m\u00e1quina estable y soldado con conexi\u00f3n a una potente unidad de aspiraci\u00f3n. Dos vigas de succi\u00f3n de altura ajustable manualmente se instalan transversalmente a la direcci\u00f3n de transporte. El dise\u00f1o abierto permite la intervenci\u00f3n manual y la observaci\u00f3n del proceso.<\/p>","protected":false},"excerpt":{"rendered":"<p>La unidad de pretratamiento y limpieza de la superficie garantiza una extracci\u00f3n \u00f3ptima del exceso de borra.<\/p>","protected":false},"featured_media":5071,"template":"","meta":[],"product_cat":[135,119],"product_tag":[],"_links":{"self":[{"href":"https:\/\/maagflock.com\/es\/wp-json\/wp\/v2\/product\/5070"}],"collection":[{"href":"https:\/\/maagflock.com\/es\/wp-json\/wp\/v2\/product"}],"about":[{"href":"https:\/\/maagflock.com\/es\/wp-json\/wp\/v2\/types\/product"}],"wp:featuredmedia":[{"embeddable":true,"href":"https:\/\/maagflock.com\/es\/wp-json\/wp\/v2\/media\/5071"}],"wp:attachment":[{"href":"https:\/\/maagflock.com\/es\/wp-json\/wp\/v2\/media?parent=5070"}],"wp:term":[{"taxonomy":"product_cat","embeddable":true,"href":"https:\/\/maagflock.com\/es\/wp-json\/wp\/v2\/product_cat?post=5070"},{"taxonomy":"product_tag","embeddable":true,"href":"https:\/\/maagflock.com\/es\/wp-json\/wp\/v2\/product_tag?post=5070"}],"curies":[{"name":"wp","href":"https:\/\/api.w.org\/{rel}","templated":true}]}}