{"id":5080,"date":"2021-11-12T13:24:35","date_gmt":"2021-11-12T12:24:35","guid":{"rendered":"https:\/\/maagflock.com\/?post_type=product&#038;p=5080"},"modified":"2021-11-15T15:52:44","modified_gmt":"2021-11-15T14:52:44","slug":"formteilvorreinigungseinheit","status":"publish","type":"product","link":"https:\/\/maagflock.com\/es\/producto\/formteilvorreinigungseinheit\/","title":{"rendered":"Unidad de pre-limpieza de moldes"},"content":{"rendered":"<p><strong>Unidad de pre-limpieza de moldes<\/strong><\/p>\n<p>La cabina de pre-limpieza y las unidades de boquilla de pre-limpieza son id\u00e9nticas en construcci\u00f3n y secuencia de movimiento a las unidades de una estaci\u00f3n de flocado.<\/p>\n<p>Consiste esencialmente en una carcasa de m\u00e1quina compacta con una estaci\u00f3n de limpieza unida a la estaci\u00f3n de flocado. La salida de la cabina de prelimpieza puede cerrarse mediante una puerta de mamparo de accionamiento neum\u00e1tico con borde de seguridad. Los dispositivos de limpieza de la cabina est\u00e1n dise\u00f1ados para el paso del dispositivo de transporte del transportador a\u00e9reo con soportes que se pueden cargar por ambos lados.<\/p>\n<p>La estaci\u00f3n de limpieza est\u00e1 equipada con 2 x 2 unidades de boquillas (para la pieza izquierda y derecha), cada una de las cuales contiene un soporte de boquillas m\u00f3vil y giratorio verticalmente para alojar un m\u00e1ximo de 4 boquillas de soplado (boquillas de ranura).<\/p>\n<p>Durante el proceso de limpieza, las boquillas se mueven neum\u00e1ticamente hacia arriba y hacia abajo y giran al mismo tiempo. Las trayectorias de movimiento y las velocidades son ajustables individualmente.<\/p>\n<p>El aire de limpieza es generado por un soplador central de media presi\u00f3n.<\/p>\n<p>&nbsp;<\/p>","protected":false},"excerpt":{"rendered":"<p>La unidad de prelimpieza de moldes se utiliza para el pretratamiento y la limpieza de las piezas que se van a flocar, como las cajas de guantes.<\/p>","protected":false},"featured_media":5081,"template":"","meta":[],"product_cat":[137,119],"product_tag":[],"_links":{"self":[{"href":"https:\/\/maagflock.com\/es\/wp-json\/wp\/v2\/product\/5080"}],"collection":[{"href":"https:\/\/maagflock.com\/es\/wp-json\/wp\/v2\/product"}],"about":[{"href":"https:\/\/maagflock.com\/es\/wp-json\/wp\/v2\/types\/product"}],"wp:featuredmedia":[{"embeddable":true,"href":"https:\/\/maagflock.com\/es\/wp-json\/wp\/v2\/media\/5081"}],"wp:attachment":[{"href":"https:\/\/maagflock.com\/es\/wp-json\/wp\/v2\/media?parent=5080"}],"wp:term":[{"taxonomy":"product_cat","embeddable":true,"href":"https:\/\/maagflock.com\/es\/wp-json\/wp\/v2\/product_cat?post=5080"},{"taxonomy":"product_tag","embeddable":true,"href":"https:\/\/maagflock.com\/es\/wp-json\/wp\/v2\/product_tag?post=5080"}],"curies":[{"name":"wp","href":"https:\/\/api.w.org\/{rel}","templated":true}]}}