{"id":5082,"date":"2021-11-12T14:22:10","date_gmt":"2021-11-12T13:22:10","guid":{"rendered":"https:\/\/maagflock.com\/?post_type=product&#038;p=5082"},"modified":"2021-11-15T15:53:54","modified_gmt":"2021-11-15T14:53:54","slug":"formteilklebstoffauftragseinheit","status":"publish","type":"product","link":"https:\/\/maagflock.com\/es\/producto\/formteilklebstoffauftragseinheit\/","title":{"rendered":"Unidad de aplicaci\u00f3n de adhesivo de moldeo"},"content":{"rendered":"<p><strong>Unidad de aplicaci\u00f3n de adhesivo de moldeo<\/strong><\/p>\n<p>El revestimiento adhesivo se aplica en una cabina robotizada con aire acondicionado. Un robot de manipulaci\u00f3n carga la cinta transportadora de la l\u00ednea de recubrimiento adhesivo autom\u00e1tico y retira los objetos recubiertos. A continuaci\u00f3n, se transportan a la cinta transportadora de la l\u00ednea de flocado autom\u00e1tico. - Para conseguir un flocado uniformemente denso, es de suma importancia un recubrimiento adhesivo \u00f3ptimo.<\/p>\n<p>&nbsp;<\/p>\n<p>La unidad de aplicaci\u00f3n de adhesivo de moldeo consiste en una cabina con una pared de pulverizaci\u00f3n permanentemente extra\u00edda con una anchura de trabajo de 2.000 mm y la zona de manipulaci\u00f3n protegida del robot. El transporte de las piezas se realiza mediante un sistema de transporte adecuado que discurre entre la pared de pulverizaci\u00f3n y la cabina del robot. Las aberturas de entrada y salida se adaptan al tama\u00f1o m\u00e1ximo de la pieza.<\/p>\n<p>La cabina de pintura est\u00e1 hecha de una construcci\u00f3n de acero seccional y puede desmontarse longitudinalmente para el transporte de contenedores. La pared de pulverizaci\u00f3n est\u00e1 equipada con un ventilador de extracci\u00f3n y un filtro de cassette f\u00e1cilmente reemplazable en la zona de pulverizaci\u00f3n del robot.<\/p>\n<p>Una unidad de limpieza para la limpieza controlada por intervalos de la boquilla de pulverizaci\u00f3n est\u00e1 instalada en el lateral junto al robot. El robot est\u00e1 montado en un bastidor de base y es accesible desde la parte trasera a trav\u00e9s de puertas de mantenimiento. Todos los accesos de la cabina est\u00e1n asegurados contra la apertura involuntaria.<\/p>\n<p>&nbsp;<\/p>\n<p>La cabina de aplicaci\u00f3n est\u00e1 preparada para la instalaci\u00f3n de un sistema de extinci\u00f3n de incendios. El sistema de extinci\u00f3n de incendios propiamente dicho s\u00f3lo es necesario cuando se utilizan adhesivos solventes o materiales de revestimiento con mayor carga de fuego, pero no est\u00e1 incluido en este \u00e1mbito de servicios.<\/p>\n<p>&nbsp;<\/p>\n<p><strong>Datos t\u00e9cnicos:<\/strong><\/p>\n<ul>\n<li>Dimensiones: 3000 x 2000 x 3410 mm<\/li>\n<li>Peso: aprox. 500 kg<\/li>\n<li>Corriente nominal: 400 V, 50 Hz, 3 fases<\/li>\n<li>Carga total conectada: aprox. 5,0 kW<\/li>\n<li>Caudal: 3600 m3\/h - 6500 m3\/h<\/li>\n<li>Conducto de conexi\u00f3n para la conexi\u00f3n de la chimenea del techo: por acuerdo<\/li>\n<\/ul>","protected":false},"excerpt":{"rendered":"<p>El revestimiento adhesivo se aplica en una cabina robotizada con aire acondicionado. La unidad de aplicaci\u00f3n de adhesivo de moldeo consiste, entre otras cosas, en una cabina con una pared de pulverizaci\u00f3n permanentemente extra\u00edda de la anchura de trabajo de 2.000 mm y la zona de manipulaci\u00f3n asegurada del robot.<\/p>","protected":false},"featured_media":5083,"template":"","meta":[],"product_cat":[137,119],"product_tag":[],"_links":{"self":[{"href":"https:\/\/maagflock.com\/es\/wp-json\/wp\/v2\/product\/5082"}],"collection":[{"href":"https:\/\/maagflock.com\/es\/wp-json\/wp\/v2\/product"}],"about":[{"href":"https:\/\/maagflock.com\/es\/wp-json\/wp\/v2\/types\/product"}],"wp:featuredmedia":[{"embeddable":true,"href":"https:\/\/maagflock.com\/es\/wp-json\/wp\/v2\/media\/5083"}],"wp:attachment":[{"href":"https:\/\/maagflock.com\/es\/wp-json\/wp\/v2\/media?parent=5082"}],"wp:term":[{"taxonomy":"product_cat","embeddable":true,"href":"https:\/\/maagflock.com\/es\/wp-json\/wp\/v2\/product_cat?post=5082"},{"taxonomy":"product_tag","embeddable":true,"href":"https:\/\/maagflock.com\/es\/wp-json\/wp\/v2\/product_tag?post=5082"}],"curies":[{"name":"wp","href":"https:\/\/api.w.org\/{rel}","templated":true}]}}