{"id":5084,"date":"2021-11-12T14:33:03","date_gmt":"2021-11-12T13:33:03","guid":{"rendered":"https:\/\/maagflock.com\/?post_type=product&#038;p=5084"},"modified":"2021-11-15T15:54:58","modified_gmt":"2021-11-15T14:54:58","slug":"formteilbeflockungsmaschine","status":"publish","type":"product","link":"https:\/\/maagflock.com\/es\/producto\/formteilbeflockungsmaschine\/","title":{"rendered":"M\u00e1quina de flocado de moldes"},"content":{"rendered":"<p><strong>M\u00e1quina de flocado de moldes<\/strong><\/p>\n<p>La m\u00e1quina de flocado de moldes se utiliza para el flocado autom\u00e1tico, electrost\u00e1tico-neum\u00e1tico de 2 piezas id\u00e9nticas o 2 diferentes en un ciclo de m\u00e1quina y consiste esencialmente en:<\/p>\n<p>Cabina de flocado con 2 portapiezas incorporados y desplazables neum\u00e1ticamente. Los portapiezas espec\u00edficos de la pieza son f\u00e1cilmente intercambiables. La m\u00e1quina de flocado est\u00e1 equipada con 2 posiciones de flocado dispuestas una detr\u00e1s de la otra para poder flocar las 2 piezas colgadas una al lado de la otra desde diferentes posiciones.<\/p>\n<p>Los portapiezas se desplazan neum\u00e1ticamente hasta la puerta de carga de la cabina de flocado para su carga, se cargan con una o varias piezas y se acciona el desbloqueo de arranque. A continuaci\u00f3n, las piezas se desplazan a la primera posici\u00f3n de flocado y se inicia el proceso de flocado autom\u00e1tico.<\/p>\n<p>En la primera estaci\u00f3n de flocado, las piezas pasan por 2 boquillas de flocado cada una, que son guiadas hacia las piezas longitudinalmente por una unidad lineal. Al mismo tiempo, las boquillas pueden moverse hacia arriba y hacia abajo y tambi\u00e9n realizar un movimiento pendular. Los recorridos y las velocidades se ajustan directamente en los respectivos cilindros. La alta tensi\u00f3n, la cantidad de borras y la potencia del soplador se preseleccionan en la pantalla de la puerta del armario de control.<\/p>\n<p>Una vez transcurrido el tiempo de flocado preestablecido, las piezas se desplazan a la posici\u00f3n de flocado 2. El procedimiento de flocado en esta estaci\u00f3n es el mismo que en<\/p>\n<p>Sin embargo, es posible utilizar otras boquillas de flocado o un posicionamiento diferente de las boquillas y con diferentes valores para la alta tensi\u00f3n, la cantidad de flocado y la intensidad del soplado.<\/p>\n<p>Tras el proceso de flocado, la puerta frontal se abre neum\u00e1ticamente y el portapiezas se desplaza a la estaci\u00f3n de alimentaci\u00f3n\/retirada. Durante este movimiento, las caras exteriores de las piezas se limpian de borras sueltas mediante boquillas de limpieza de aire comprimido.<\/p>\n<p>El exceso de borras producidas durante el proceso de flocado se recoge en el fondo de la tolva de la m\u00e1quina y se transporta a los puntos de extracci\u00f3n mediante un tornillo sinf\u00edn. El exceso de borras y las borras limpias se recogen a trav\u00e9s de la extracci\u00f3n central de borras y se devuelven al circuito de borras.<\/p>","protected":false},"excerpt":{"rendered":"<p>La m\u00e1quina de flocado de moldes se utiliza para el flocado autom\u00e1tico electrost\u00e1tico-neum\u00e1tico de 2 piezas id\u00e9nticas o 2 diferentes en un ciclo de m\u00e1quina.<\/p>","protected":false},"featured_media":5085,"template":"","meta":[],"product_cat":[137,119],"product_tag":[],"_links":{"self":[{"href":"https:\/\/maagflock.com\/es\/wp-json\/wp\/v2\/product\/5084"}],"collection":[{"href":"https:\/\/maagflock.com\/es\/wp-json\/wp\/v2\/product"}],"about":[{"href":"https:\/\/maagflock.com\/es\/wp-json\/wp\/v2\/types\/product"}],"wp:featuredmedia":[{"embeddable":true,"href":"https:\/\/maagflock.com\/es\/wp-json\/wp\/v2\/media\/5085"}],"wp:attachment":[{"href":"https:\/\/maagflock.com\/es\/wp-json\/wp\/v2\/media?parent=5084"}],"wp:term":[{"taxonomy":"product_cat","embeddable":true,"href":"https:\/\/maagflock.com\/es\/wp-json\/wp\/v2\/product_cat?post=5084"},{"taxonomy":"product_tag","embeddable":true,"href":"https:\/\/maagflock.com\/es\/wp-json\/wp\/v2\/product_tag?post=5084"}],"curies":[{"name":"wp","href":"https:\/\/api.w.org\/{rel}","templated":true}]}}