{"id":5086,"date":"2021-11-12T14:52:53","date_gmt":"2021-11-12T13:52:53","guid":{"rendered":"https:\/\/maagflock.com\/?post_type=product&#038;p=5086"},"modified":"2021-11-15T15:56:20","modified_gmt":"2021-11-15T14:56:20","slug":"formteilflocktrockner","status":"publish","type":"product","link":"https:\/\/maagflock.com\/es\/producto\/formteilflocktrockner\/","title":{"rendered":"Secador de borras de moldeo"},"content":{"rendered":"<p><strong>Secador de borras de moldeo<\/strong><\/p>\n<p>El secador de bandejas de piezas moldeadas consta de elementos de placa que se fabrican como casetes de chapa de acero de doble pared. Los elementos individuales son de chapa de acero galvanizada electrol\u00edticamente. Son lisos por ambos lados y est\u00e1n aislados con esteras s\u00f3lidas de lana de roca seg\u00fan la norma DIN 4102, de 100 mm de espesor. La pared del secador tiene una puerta de acceso (800 x 2000 mm), as\u00ed como las aberturas de entrada y salida de las piezas y la cadena de transporte. Las dos paredes laterales del secador est\u00e1n provistas de estabilizaciones para alojar el equipo de transporte. La secadora se calienta mediante un calentador de gas-aire controlado y modulado, con una potencia calor\u00edfica de hasta 80 kW, y un ventilador radial de aire circulante de alto rendimiento con una potencia de aire de 12.000 m\u00b3\/h, con una potencia de motor de 3,0 kW.<\/p>\n<p>La secadora est\u00e1 dise\u00f1ada para una temperatura m\u00e1xima del aire de recirculaci\u00f3n de 90 \u00b0C. El aire de impulsi\u00f3n se introduce a trav\u00e9s de conductos de aire con rejillas de impulsi\u00f3n y rejillas ajustables. La extracci\u00f3n se realiza a trav\u00e9s de conductos de aire de retorno con rejillas de admisi\u00f3n.<\/p>\n<p>Delante del tubo del quemador se instalan dos conexiones de aire de escape de 125 mm de di\u00e1metro y 200 mm de di\u00e1metro en el lado de la presi\u00f3n, con trampillas de regulaci\u00f3n incorporadas para la conexi\u00f3n con las tuber\u00edas del lugar por encima del techo.<\/p>\n<p>La temperatura se controla mediante un term\u00f3metro de resistencia Pt 100 y el controlador electr\u00f3nico de temperatura instalado en el armario de control.<\/p>\n<p>&nbsp;<\/p>\n<p><strong>Datos t\u00e9cnicos:<\/strong><\/p>\n<ul>\n<li>Dimensiones: 7650 mm x 3065 mm x 3000 mm<\/li>\n<li>Calentador de aire a gas con potencia calor\u00edfica m\u00e1xima: 80 kW<\/li>\n<li>Rendimiento del aire: 12.000 m\u00b3\/h<\/li>\n<li>Potencia del motor: 3 kW<\/li>\n<li>Temperatura m\u00e1xima del aire circulante: 90 \u00b0C<\/li>\n<\/ul>\n<p>&nbsp;<\/p>","protected":false},"excerpt":{"rendered":"<p>El secador de flocado de piezas moldeadas se utiliza para el secado de piezas moldeadas flocadas. Consta de elementos de chapa que se fabrican como casetes de chapa de acero de doble pared.<\/p>","protected":false},"featured_media":5087,"template":"","meta":[],"product_cat":[137,119],"product_tag":[],"_links":{"self":[{"href":"https:\/\/maagflock.com\/es\/wp-json\/wp\/v2\/product\/5086"}],"collection":[{"href":"https:\/\/maagflock.com\/es\/wp-json\/wp\/v2\/product"}],"about":[{"href":"https:\/\/maagflock.com\/es\/wp-json\/wp\/v2\/types\/product"}],"wp:featuredmedia":[{"embeddable":true,"href":"https:\/\/maagflock.com\/es\/wp-json\/wp\/v2\/media\/5087"}],"wp:attachment":[{"href":"https:\/\/maagflock.com\/es\/wp-json\/wp\/v2\/media?parent=5086"}],"wp:term":[{"taxonomy":"product_cat","embeddable":true,"href":"https:\/\/maagflock.com\/es\/wp-json\/wp\/v2\/product_cat?post=5086"},{"taxonomy":"product_tag","embeddable":true,"href":"https:\/\/maagflock.com\/es\/wp-json\/wp\/v2\/product_tag?post=5086"}],"curies":[{"name":"wp","href":"https:\/\/api.w.org\/{rel}","templated":true}]}}