{"id":5088,"date":"2021-11-12T15:02:59","date_gmt":"2021-11-12T14:02:59","guid":{"rendered":"https:\/\/maagflock.com\/?post_type=product&#038;p=5088"},"modified":"2021-11-15T15:57:20","modified_gmt":"2021-11-15T14:57:20","slug":"formteilreinigungseinheit","status":"publish","type":"product","link":"https:\/\/maagflock.com\/es\/producto\/formteilreinigungseinheit\/","title":{"rendered":"Unidad de limpieza de moldes"},"content":{"rendered":"<p><strong>Unidad de limpieza de moldes<\/strong><\/p>\n<p>La cabina de limpieza final es externamente id\u00e9ntica a la cabina de flocado o pre-limpieza. Se extiende por un total de 5 ciclos de m\u00e1quina, separados en limpieza gruesa y fina.<\/p>\n<p>&nbsp;<\/p>\n<p>Las 2 primeras estaciones se utilizan para la limpieza gruesa de los dep\u00f3sitos de borras en el componente, especialmente en la parte trasera, los rebajes o las nervaduras.<\/p>\n<p>La limpieza gruesa incluye 16 boquillas de soplado de ranura ancha, distribuidas en 2 estaciones, es decir, cada estaci\u00f3n de limpieza est\u00e1 equipada con 4 boquillas de soplado para el portapiezas izquierdo y 4 boquillas de soplado para el derecho, que pueden ajustarse individualmente a la pieza a limpiar. Todas las boquillas de las 2 primeras estaciones de limpieza est\u00e1n acopladas a dispositivos de elevaci\u00f3n y giro, de construcci\u00f3n id\u00e9ntica al dispositivo de flocado. Los lados de accionamiento izquierdo y derecho pueden ajustarse independientemente uno del otro.<\/p>\n<p>El aire de limpieza de las 2 primeras estaciones se genera mediante 2 sopladores de alta presi\u00f3n que liberan el aire de limpieza a trav\u00e9s de aletas de cierre accionadas neum\u00e1ticamente y s\u00f3lo cuando la cabina est\u00e1 cerrada. Las aberturas de entrada y salida de piezas de la cabina, as\u00ed como la zona entre la limpieza previa y la limpieza fina, pueden cerrarse mediante puertas de mamparo de accionamiento neum\u00e1tico con listones de conmutaci\u00f3n de seguridad. Esto tambi\u00e9n minimiza el arrastre innecesario de borras entre las etapas de limpieza. Durante el proceso de limpieza, las boquillas soplan las piezas en todas las estaciones simult\u00e1neamente.<\/p>\n<p>Debajo del suelo de la rejilla se ha instalado un dispositivo de limpieza de la borra, que transporta la borra a dos sinfines con conexi\u00f3n de aspiraci\u00f3n instalados en el suelo de la cabina.<\/p>\n<p>&nbsp;<\/p>\n<p>La 3\u00aa estaci\u00f3n se utiliza para la limpieza fina de los dep\u00f3sitos de borras en el componente, especialmente en las zonas de dif\u00edcil acceso u ocultas. La limpieza fina se extiende a lo largo de 3 ciclos de trabajo, por lo que el robot se instala frente al segundo ciclo de la cabina del robot. Durante el proceso de limpieza, un robot desplaza dos boquillas de chorreado cada una seg\u00fan la geometr\u00eda programada de los componentes. Los lados operativos izquierdo y derecho est\u00e1n equipados con un robot cada uno. El aire de limpieza para los robots es generado por 2 sopladores de alta presi\u00f3n que liberan el aire de limpieza a trav\u00e9s de aletas de cierre accionadas neum\u00e1ticamente y s\u00f3lo cuando la cabina est\u00e1 cerrada.<\/p>\n<p>Los ciclos de trabajo 1 y 3 de la cabina del robot est\u00e1n equipados con dispositivos ionizadores adicionales de ajuste flexible para minimizar la carga residual existente en la superficie del reba\u00f1o. El efecto de limpieza se ve favorecido por las boquillas rotativas instaladas adicionalmente.<\/p>","protected":false},"excerpt":{"rendered":"<p>La unidad de limpieza de piezas moldeadas es externamente id\u00e9ntica a la unidad de flocado o de prelimpieza. Se extiende por un total de 5 ciclos de m\u00e1quina, separados en limpieza gruesa y fina.<\/p>","protected":false},"featured_media":5089,"template":"","meta":[],"product_cat":[137,119],"product_tag":[],"_links":{"self":[{"href":"https:\/\/maagflock.com\/es\/wp-json\/wp\/v2\/product\/5088"}],"collection":[{"href":"https:\/\/maagflock.com\/es\/wp-json\/wp\/v2\/product"}],"about":[{"href":"https:\/\/maagflock.com\/es\/wp-json\/wp\/v2\/types\/product"}],"wp:featuredmedia":[{"embeddable":true,"href":"https:\/\/maagflock.com\/es\/wp-json\/wp\/v2\/media\/5089"}],"wp:attachment":[{"href":"https:\/\/maagflock.com\/es\/wp-json\/wp\/v2\/media?parent=5088"}],"wp:term":[{"taxonomy":"product_cat","embeddable":true,"href":"https:\/\/maagflock.com\/es\/wp-json\/wp\/v2\/product_cat?post=5088"},{"taxonomy":"product_tag","embeddable":true,"href":"https:\/\/maagflock.com\/es\/wp-json\/wp\/v2\/product_tag?post=5088"}],"curies":[{"name":"wp","href":"https:\/\/api.w.org\/{rel}","templated":true}]}}