{"id":5092,"date":"2021-11-15T07:49:06","date_gmt":"2021-11-15T06:49:06","guid":{"rendered":"https:\/\/maagflock.com\/?post_type=product&#038;p=5092"},"modified":"2021-11-15T16:03:05","modified_gmt":"2021-11-15T15:03:05","slug":"eckennachbeflockungsmaschine","status":"publish","type":"product","link":"https:\/\/maagflock.com\/es\/producto\/eckennachbeflockungsmaschine\/","title":{"rendered":"M\u00e1quina de cierre de esquinas"},"content":{"rendered":"<p><strong>M\u00e1quina de cierre de esquinas<\/strong><\/p>\n<p>El bastidor de la m\u00e1quina de cierre de esquinas es de dise\u00f1o encapsulado.<\/p>\n<p>Las puertas de mantenimiento permiten el acceso necesario. La zona de la manada se mantiene bajo presi\u00f3n negativa mediante un sistema adecuado de extracci\u00f3n y filtrado de la manada para reducir al m\u00ednimo las fibras de la manada que se revuelven.<\/p>\n<p>El flocado propiamente dicho lo realiza un dosificador de flocado electrost\u00e1tico\/neum\u00e1tico que se desplaza mediante un robot sobre las superficies a flocar.<\/p>\n<p>&nbsp;<\/p>\n<p>El postflocking de esquinas es ideal para el posterior flocado fuera de l\u00ednea de perfiles soldados en el sector del autom\u00f3vil. Con el sistema automatizado, se pueden reba\u00f1ar cantidades de m\u00e1s de 100.000 unidades al a\u00f1o de forma totalmente autom\u00e1tica. El proceso se subdivide en pasos y estaciones de trabajo individuales para realizar un flocado espec\u00edfico y estructurado.<\/p>","protected":false},"excerpt":{"rendered":"<p>La m\u00e1quina de flocado de esquinas funciona con una unidad de dosificaci\u00f3n de flocado electrost\u00e1tica\/neum\u00e1tica que es movida por un robot sobre las superficies a flocar.<\/p>","protected":false},"featured_media":5090,"template":"","meta":[],"product_cat":[138,119],"product_tag":[],"_links":{"self":[{"href":"https:\/\/maagflock.com\/es\/wp-json\/wp\/v2\/product\/5092"}],"collection":[{"href":"https:\/\/maagflock.com\/es\/wp-json\/wp\/v2\/product"}],"about":[{"href":"https:\/\/maagflock.com\/es\/wp-json\/wp\/v2\/types\/product"}],"wp:featuredmedia":[{"embeddable":true,"href":"https:\/\/maagflock.com\/es\/wp-json\/wp\/v2\/media\/5090"}],"wp:attachment":[{"href":"https:\/\/maagflock.com\/es\/wp-json\/wp\/v2\/media?parent=5092"}],"wp:term":[{"taxonomy":"product_cat","embeddable":true,"href":"https:\/\/maagflock.com\/es\/wp-json\/wp\/v2\/product_cat?post=5092"},{"taxonomy":"product_tag","embeddable":true,"href":"https:\/\/maagflock.com\/es\/wp-json\/wp\/v2\/product_tag?post=5092"}],"curies":[{"name":"wp","href":"https:\/\/api.w.org\/{rel}","templated":true}]}}