{"id":5094,"date":"2021-11-15T07:56:07","date_gmt":"2021-11-15T06:56:07","guid":{"rendered":"https:\/\/maagflock.com\/?post_type=product&#038;p=5094"},"modified":"2021-11-15T16:03:57","modified_gmt":"2021-11-15T15:03:57","slug":"eckennachbeflockungstrockner","status":"publish","type":"product","link":"https:\/\/maagflock.com\/es\/producto\/eckennachbeflockungstrockner\/","title":{"rendered":"Secador de poste de esquina"},"content":{"rendered":"<p><strong>Secador de poste de esquina<\/strong><\/p>\n<p>El secado tiene lugar a trav\u00e9s de varias estaciones de secado en diferentes pasos de trabajo, por lo que el tiempo total de secado se basa en la divisi\u00f3n de los pasos individuales.<\/p>\n<p>Para lograr el tiempo de precurado del adhesivo prescrito, de aproximadamente 2 minutos, se utilizan un total de cuatro ciclos de secado por infrarrojos.<\/p>\n<p>El estante de secado est\u00e1 equipado con un bastidor de m\u00e1quina m\u00f3vil independiente. El sistema de radiadores IR se adapta a la zona de flocado de las piezas. Los emisores IR pueden ajustarse manualmente a la altura deseada de la pieza. El m\u00f3dulo est\u00e1 equipado con una cubierta de seguridad que puede extraerse permanentemente.<\/p>","protected":false},"excerpt":{"rendered":"<p>El secado con la ayuda de la secadora de esquina post-bloqueo tiene lugar a trav\u00e9s de varias estaciones de secado en diferentes pasos de trabajo, por lo que el tiempo total de secado se basa en la divisi\u00f3n de los pasos individuales.<\/p>","protected":false},"featured_media":5095,"template":"","meta":[],"product_cat":[138,119],"product_tag":[],"_links":{"self":[{"href":"https:\/\/maagflock.com\/es\/wp-json\/wp\/v2\/product\/5094"}],"collection":[{"href":"https:\/\/maagflock.com\/es\/wp-json\/wp\/v2\/product"}],"about":[{"href":"https:\/\/maagflock.com\/es\/wp-json\/wp\/v2\/types\/product"}],"wp:featuredmedia":[{"embeddable":true,"href":"https:\/\/maagflock.com\/es\/wp-json\/wp\/v2\/media\/5095"}],"wp:attachment":[{"href":"https:\/\/maagflock.com\/es\/wp-json\/wp\/v2\/media?parent=5094"}],"wp:term":[{"taxonomy":"product_cat","embeddable":true,"href":"https:\/\/maagflock.com\/es\/wp-json\/wp\/v2\/product_cat?post=5094"},{"taxonomy":"product_tag","embeddable":true,"href":"https:\/\/maagflock.com\/es\/wp-json\/wp\/v2\/product_tag?post=5094"}],"curies":[{"name":"wp","href":"https:\/\/api.w.org\/{rel}","templated":true}]}}