{"id":5102,"date":"2021-11-15T11:22:22","date_gmt":"2021-11-15T10:22:22","guid":{"rendered":"https:\/\/maagflock.com\/?post_type=product&#038;p=5102"},"modified":"2021-11-15T11:22:22","modified_gmt":"2021-11-15T10:22:22","slug":"rolle-zu-rolle-beflockungsmaschine","status":"publish","type":"product","link":"https:\/\/maagflock.com\/es\/producto\/rolle-zu-rolle-beflockungsmaschine\/","title":{"rendered":"M\u00e1quina de flocado rollo a rollo"},"content":{"rendered":"<p><strong>M\u00e1quina de flocado rollo a rollo<\/strong><\/p>\n<p>El flocado rollo a rollo se utiliza para el acabado profesional y la protecci\u00f3n de superficies mediante el flocado.<br \/>\nEl flocado se realiza a una velocidad constante de la banda, con la cabina bajo presi\u00f3n negativa para asegurar el sellado y as\u00ed minimizar el arrastre de borras. Gracias a su dise\u00f1o modular, la unidad de flocado puede adaptarse y construirse individualmente seg\u00fan las necesidades del cliente. El contenedor central de recogida se utiliza para devolver el reba\u00f1o, lo que da lugar a un reciclaje del reba\u00f1o.<\/p>\n<p>La m\u00e1quina de flocado consta de:<\/p>\n<ul>\n<li>Carcasa de la m\u00e1quina en dise\u00f1o de acero seccional<\/li>\n<li>Puerta de mantenimiento frontal, giratoria y con fusible el\u00e9ctrico<\/li>\n<li>Paneles de plexigl\u00e1s en 3 lados, cerrados con cierres r\u00e1pidos, desmontables<\/li>\n<li>Bastidor de la m\u00e1quina en forma de embudo para recoger el excedente de reba\u00f1o<\/li>\n<li>Recogida del exceso de borras por medio de un eje espiral motorizado<\/li>\n<li>Kit de montaje en el techo para el transportador neum\u00e1tico de flocado HB 201 en el bastidor de la m\u00e1quina de flocado<\/li>\n<li>1 Transportador neum\u00e1tico de reba\u00f1os HB 201 con control integrado.<\/li>\n<li>Tuber\u00eda en el lado de succi\u00f3n desde la tolva del bastidor de la m\u00e1quina hasta el HB 201 y manguera de entrega desde el HB 201 hasta la caja de medici\u00f3n.<\/li>\n<li>Control de nivel F\u00dc Rotonivo - N<\/li>\n<li>Ajuste de la altura de la caja de medici\u00f3n a trav\u00e9s del accionamiento trif\u00e1sico<\/li>\n<li>Control a trav\u00e9s de la unidad de control montada en la parte delantera del bastidor de la m\u00e1quina con funci\u00f3n de subida\/bajada<\/li>\n<li>Posiciones finales del recorrido de ajuste controladas por sensores<\/li>\n<li>Extensi\u00f3n del bastidor de la m\u00e1quina en ambos lados en forma de embudo para recoger el excedente de escamas<\/li>\n<li>Cinta transportadora motorizada con estaci\u00f3n de tensado integrada.<\/li>\n<li>Barra de aspiraci\u00f3n de prelimpieza montada en el lado de salida de la carcasa de la m\u00e1quina<\/li>\n<li>Kit de tuber\u00edas internas<\/li>\n<li>Panel de control m\u00f3vil y el\u00e9ctrico para el control de las funciones necesarias de la m\u00e1quina con los siguientes datos de conexi\u00f3n: Tensi\u00f3n de entrada: 400 V AC,<\/li>\n<li>Frecuencia de entrada: 50 Hz<\/li>\n<li>Color - RAL 7035, gris claro<\/li>\n<li>Dimensiones y peso seg\u00fan plano<\/li>\n<li>Datos de rendimiento del generador de alta tensi\u00f3n: corriente de salida: 800 \u00b5A a 10 - 80 kV, 600 \u00b5A a 80 - 100 kV; secci\u00f3n de control: 24 V DC, m\u00e1x. 250 mA; secci\u00f3n de potencia: 24 V DC, m\u00e1x. 4 A<\/li>\n<\/ul>","protected":false},"excerpt":{"rendered":"<p>El flocado rollo a rollo se utiliza para el acabado profesional y la protecci\u00f3n de superficies mediante el flocado.<\/p>","protected":false},"featured_media":5103,"template":"","meta":[],"product_cat":[139,119],"product_tag":[],"_links":{"self":[{"href":"https:\/\/maagflock.com\/es\/wp-json\/wp\/v2\/product\/5102"}],"collection":[{"href":"https:\/\/maagflock.com\/es\/wp-json\/wp\/v2\/product"}],"about":[{"href":"https:\/\/maagflock.com\/es\/wp-json\/wp\/v2\/types\/product"}],"wp:featuredmedia":[{"embeddable":true,"href":"https:\/\/maagflock.com\/es\/wp-json\/wp\/v2\/media\/5103"}],"wp:attachment":[{"href":"https:\/\/maagflock.com\/es\/wp-json\/wp\/v2\/media?parent=5102"}],"wp:term":[{"taxonomy":"product_cat","embeddable":true,"href":"https:\/\/maagflock.com\/es\/wp-json\/wp\/v2\/product_cat?post=5102"},{"taxonomy":"product_tag","embeddable":true,"href":"https:\/\/maagflock.com\/es\/wp-json\/wp\/v2\/product_tag?post=5102"}],"curies":[{"name":"wp","href":"https:\/\/api.w.org\/{rel}","templated":true}]}}