{"id":5105,"date":"2021-11-15T11:40:12","date_gmt":"2021-11-15T10:40:12","guid":{"rendered":"https:\/\/maagflock.com\/?post_type=product&#038;p=5105"},"modified":"2021-11-15T11:40:13","modified_gmt":"2021-11-15T10:40:13","slug":"rolle-zu-rolle-reinigungseinheit","status":"publish","type":"product","link":"https:\/\/maagflock.com\/es\/producto\/rolle-zu-rolle-reinigungseinheit\/","title":{"rendered":"Unidad de limpieza rollo a rollo"},"content":{"rendered":"<p><strong>Unidad de limpieza rollo a rollo<\/strong><\/p>\n<p>El flocado rollo a rollo puede utilizarse de diversas maneras debido a la amplia gama de materiales de soporte o sustratos que pueden flocarse. Ya se utiliza de forma excelente para el flocado de papel, cart\u00f3n, l\u00e1minas, caucho, fieltro o tejidos como el papel pintado, las cortinas y los materiales de construcci\u00f3n como las l\u00e1minas onduladas y el papel de aluminio. No hay restricciones en la selecci\u00f3n del material y el dise\u00f1o que se va a flocar.<br \/>\nEl proceso de flocado permite dise\u00f1ar y realizar de forma individualizada dise\u00f1os y colores muy elaborados, por lo que la creatividad del dise\u00f1o no tiene l\u00edmites.<br \/>\nEl proceso de flocado est\u00e1 totalmente automatizado y se integra, dise\u00f1a y entrega incluyendo el recorte final. Aqu\u00ed se pueden realizar producciones de tres metros por minuto de velocidad de cinta hasta 100 metros de velocidad de cinta.<\/p>\n<p>La unidad de limpieza rollo a rollo se utiliza para limpiar el material a flocar.<\/p>\n<p>Ofrecemos dos m\u00e9todos de construcci\u00f3n diferentes para la limpieza:<br \/>\nconstrucci\u00f3n abierta (limpieza a trav\u00e9s de 2 haces de aspiraci\u00f3n)<br \/>\nConstrucci\u00f3n cerrada (limpieza mediante aire comprimido estrangulado)<\/p>\n<p>La unidad cerrada de limpieza rollo a rollo consiste en:<br \/>\nUn bastidor de m\u00e1quina estable y soldado con 3 tolvas de recogida de reba\u00f1os con conexi\u00f3n a un potente dispositivo de aspiraci\u00f3n. En el lado operativo, la limpieza previa puede abrirse mediante un cap\u00f3 de accionamiento neum\u00e1tico. El proceso de limpieza se puede observar a trav\u00e9s de una gran abertura de plexigl\u00e1s en el cap\u00f3 de la cubierta. Tambi\u00e9n se ha instalado un sistema de iluminaci\u00f3n estanco al polvo en el cap\u00f3 de la cubierta.<\/p>\n<p>La unidad de limpieza abierta rollo a rollo consiste en:<br \/>\nUn bastidor de m\u00e1quina estable y soldado con conexi\u00f3n a una potente unidad de aspiraci\u00f3n. Dos vigas de succi\u00f3n de altura ajustable manualmente se instalan transversalmente a la direcci\u00f3n de transporte. El dise\u00f1o abierto permite la intervenci\u00f3n manual y la observaci\u00f3n del proceso.<\/p>","protected":false},"excerpt":{"rendered":"<p>La unidad de limpieza rollo a rollo se utiliza para limpiar el material a flocar.<\/p>","protected":false},"featured_media":5106,"template":"","meta":[],"product_cat":[139,119],"product_tag":[],"_links":{"self":[{"href":"https:\/\/maagflock.com\/es\/wp-json\/wp\/v2\/product\/5105"}],"collection":[{"href":"https:\/\/maagflock.com\/es\/wp-json\/wp\/v2\/product"}],"about":[{"href":"https:\/\/maagflock.com\/es\/wp-json\/wp\/v2\/types\/product"}],"wp:featuredmedia":[{"embeddable":true,"href":"https:\/\/maagflock.com\/es\/wp-json\/wp\/v2\/media\/5106"}],"wp:attachment":[{"href":"https:\/\/maagflock.com\/es\/wp-json\/wp\/v2\/media?parent=5105"}],"wp:term":[{"taxonomy":"product_cat","embeddable":true,"href":"https:\/\/maagflock.com\/es\/wp-json\/wp\/v2\/product_cat?post=5105"},{"taxonomy":"product_tag","embeddable":true,"href":"https:\/\/maagflock.com\/es\/wp-json\/wp\/v2\/product_tag?post=5105"}],"curies":[{"name":"wp","href":"https:\/\/api.w.org\/{rel}","templated":true}]}}