{"id":5107,"date":"2021-11-15T11:48:46","date_gmt":"2021-11-15T10:48:46","guid":{"rendered":"https:\/\/maagflock.com\/?post_type=product&#038;p=5107"},"modified":"2021-11-15T16:06:46","modified_gmt":"2021-11-15T15:06:46","slug":"swap-klebstoffauftragseinheit","status":"publish","type":"product","link":"https:\/\/maagflock.com\/es\/producto\/swap-klebstoffauftragseinheit\/","title":{"rendered":"Unidad de aplicaci\u00f3n de adhesivo SWAP"},"content":{"rendered":"<p><strong>Unidad de aplicaci\u00f3n de adhesivo SWAP<\/strong><\/p>\n<p>Esta estaci\u00f3n de aplicaci\u00f3n de adhesivo consta de un bastidor de m\u00e1quina estable con recogida de placas de piezas integrada y una alimentaci\u00f3n autom\u00e1tica de bandejas de adhesivo. La bandeja adhesiva actual se puede cambiar de forma sencilla. Esta cubeta se llena de adhesivo en una estaci\u00f3n de trabajo independiente. A continuaci\u00f3n, el operario vuelve a colocar la bandeja de adhesivo llena en la unidad de aplicaci\u00f3n de adhesivo y carga la m\u00e1quina con una placa de piezas.<\/p>\n<p>Controlada por programa, la bandeja de adhesivo se eleva mediante una unidad lineal hasta que las piezas se sumergen en el adhesivo a la profundidad deseada. A continuaci\u00f3n, la cubeta de adhesivo vuelve a bajar autom\u00e1ticamente y la placa de la pieza se retira a mano.<\/p>\n<p>Todos los elementos de mando est\u00e1n instalados en un panel de control situado en el lateral de la estaci\u00f3n.<\/p>\n<p>Toda la unidad est\u00e1 cerrada por debajo del nivel de trabajo y est\u00e1 provista de una conexi\u00f3n de aspiraci\u00f3n para el aire de salida.<\/p>\n<p>&nbsp;<\/p>\n<p><strong>Datos t\u00e9cnicos:<\/strong><\/p>\n<ul>\n<li>Dimensiones: 850 x 600 x 1.000 mm<\/li>\n<li>Aire comprimido: 6 bar<\/li>\n<li>Tensi\u00f3n: 230 V - 50 Hz<\/li>\n<li>Peso: aprox. 250 kg<\/li>\n<\/ul>","protected":false},"excerpt":{"rendered":"<p>La unidad de aplicaci\u00f3n de adhesivo SWAP consta de un bastidor de m\u00e1quina estable con recogida de placas de piezas integrada y un alimentador autom\u00e1tico de bandejas de adhesivo.<\/p>","protected":false},"featured_media":5108,"template":"","meta":[],"product_cat":[140,119],"product_tag":[],"_links":{"self":[{"href":"https:\/\/maagflock.com\/es\/wp-json\/wp\/v2\/product\/5107"}],"collection":[{"href":"https:\/\/maagflock.com\/es\/wp-json\/wp\/v2\/product"}],"about":[{"href":"https:\/\/maagflock.com\/es\/wp-json\/wp\/v2\/types\/product"}],"wp:featuredmedia":[{"embeddable":true,"href":"https:\/\/maagflock.com\/es\/wp-json\/wp\/v2\/media\/5108"}],"wp:attachment":[{"href":"https:\/\/maagflock.com\/es\/wp-json\/wp\/v2\/media?parent=5107"}],"wp:term":[{"taxonomy":"product_cat","embeddable":true,"href":"https:\/\/maagflock.com\/es\/wp-json\/wp\/v2\/product_cat?post=5107"},{"taxonomy":"product_tag","embeddable":true,"href":"https:\/\/maagflock.com\/es\/wp-json\/wp\/v2\/product_tag?post=5107"}],"curies":[{"name":"wp","href":"https:\/\/api.w.org\/{rel}","templated":true}]}}