{"id":5109,"date":"2021-11-15T12:02:12","date_gmt":"2021-11-15T11:02:12","guid":{"rendered":"https:\/\/maagflock.com\/?post_type=product&#038;p=5109"},"modified":"2021-11-15T16:07:33","modified_gmt":"2021-11-15T15:07:33","slug":"swap-beflockungsmaschine","status":"publish","type":"product","link":"https:\/\/maagflock.com\/es\/producto\/swap-beflockungsmaschine\/","title":{"rendered":"M\u00e1quina de flocado SWAP"},"content":{"rendered":"<p><strong>M\u00e1quina de flocado SWAP<\/strong><\/p>\n<p>El dispositivo de flocado consiste en:<\/p>\n<ul>\n<li>Carcasa de la m\u00e1quina en dise\u00f1o de acero seccional<\/li>\n<li>M\u00f3vil montada sobre ruedas giratorias, altura de la cinta transportadora al suelo 900 mm<\/li>\n<li>Puerta de mantenimiento frontal, giratoria y con protecci\u00f3n el\u00e9ctrica.<\/li>\n<li>Paneles de plexigl\u00e1s en 3 lados, cerrados con cierres r\u00e1pidos, desmontables<\/li>\n<li>Bastidor de la m\u00e1quina en forma de embudo para recoger el excedente de reba\u00f1o<\/li>\n<li>Recogida del exceso de borras por medio de un eje espiral motorizado<\/li>\n<li>Kit de montaje en el techo para el transportador neum\u00e1tico de flocado HB 201 en el bastidor de la m\u00e1quina de flocado<\/li>\n<li>1 Transportador neum\u00e1tico de reba\u00f1os HB 201 con control integrado.<\/li>\n<li>Tuber\u00eda en el lado de succi\u00f3n desde la tolva del bastidor de la m\u00e1quina hasta el HB 201 y manguera de entrega desde el HB 201 hasta la caja de medici\u00f3n.<\/li>\n<li>Control de nivel F\u00dc Rotonivo - N<\/li>\n<li>Ajuste motorizado de la altura de la caja de medici\u00f3n<\/li>\n<li>Extensi\u00f3n del bastidor de la m\u00e1quina en ambos lados en forma de embudo para recoger el excedente de escamas<\/li>\n<li>Cinta transportadora motorizada con estaci\u00f3n de tensado integrada.<\/li>\n<li>Guiado lateral de los bastidores por encima de la cinta transportadora<\/li>\n<li>Disposici\u00f3n de electrodos auxiliares, montados de forma ajustable<\/li>\n<li>Panel de control m\u00f3vil y el\u00e9ctrico para el control de las funciones necesarias de la m\u00e1quina con los siguientes datos de conexi\u00f3n: Tensi\u00f3n de entrada: 400 V AC, frecuencia de entrada: 50 Hz<\/li>\n<li>Datos de rendimiento del generador de alta tensi\u00f3n, tipo SmartE510p :<\/li>\n<li>Corriente de salida: 800 \u00b5A a 10 - 80 kV, 600 \u00b5A a 80 - 100 kV<\/li>\n<li>Unidad de control: 24 V DC, m\u00e1x. 250 mA<\/li>\n<li>Secci\u00f3n de alimentaci\u00f3n: 24 V DC, m\u00e1x. 4 A<\/li>\n<li>Conexi\u00f3n HS: tubo an\u00f3dico de 250 mm de profundidad con toma de 4 mm<\/li>\n<li>Conexi\u00f3n del cable HS: enchufable en seco<\/li>\n<li>Resistencia a las fugas: 2,5 GOhm<\/li>\n<li>Marcado Atex: II 2G\/D T6 PTB 15 ATEX 5018 X<\/li>\n<li>Aprobaci\u00f3n UL: Archivo N\u00ba E460615<\/li>\n<li>Color - RAL 7035, blanco crema<\/li>\n<li>Dimensiones y peso seg\u00fan plano<\/li>\n<\/ul>","protected":false},"excerpt":{"rendered":"<p>La m\u00e1quina de flocado SWAP se utiliza para flocar puntas y SWAPs, por ejemplo, para la industria cosm\u00e9tica o la medicina dental.<\/p>","protected":false},"featured_media":5111,"template":"","meta":[],"product_cat":[140,119],"product_tag":[],"_links":{"self":[{"href":"https:\/\/maagflock.com\/es\/wp-json\/wp\/v2\/product\/5109"}],"collection":[{"href":"https:\/\/maagflock.com\/es\/wp-json\/wp\/v2\/product"}],"about":[{"href":"https:\/\/maagflock.com\/es\/wp-json\/wp\/v2\/types\/product"}],"wp:featuredmedia":[{"embeddable":true,"href":"https:\/\/maagflock.com\/es\/wp-json\/wp\/v2\/media\/5111"}],"wp:attachment":[{"href":"https:\/\/maagflock.com\/es\/wp-json\/wp\/v2\/media?parent=5109"}],"wp:term":[{"taxonomy":"product_cat","embeddable":true,"href":"https:\/\/maagflock.com\/es\/wp-json\/wp\/v2\/product_cat?post=5109"},{"taxonomy":"product_tag","embeddable":true,"href":"https:\/\/maagflock.com\/es\/wp-json\/wp\/v2\/product_tag?post=5109"}],"curies":[{"name":"wp","href":"https:\/\/api.w.org\/{rel}","templated":true}]}}