{"id":5113,"date":"2021-11-15T13:51:43","date_gmt":"2021-11-15T12:51:43","guid":{"rendered":"https:\/\/maagflock.com\/?post_type=product&#038;p=5113"},"modified":"2021-11-15T16:08:38","modified_gmt":"2021-11-15T15:08:38","slug":"swap-beflockungstrockner","status":"publish","type":"product","link":"https:\/\/maagflock.com\/es\/producto\/swap-beflockungstrockner\/","title":{"rendered":"Secador de flocado SWAP"},"content":{"rendered":"<p><strong>Secador de flocado SWAP<\/strong><\/p>\n<p>El secador de flocado para SWAPs se utiliza para secar las piezas flocadas despu\u00e9s del flocado.<\/p>\n<ul>\n<li>Dise\u00f1ado para un tiempo de secado de 24 minutos a una temperatura de 120 \u00b0C.<\/li>\n<li>Puede utilizarse para el secado de adhesivos solventes.<\/li>\n<li>El secador continuo es de accionamiento el\u00e9ctrico, con aire circulante de 1.500 m3\/h y aire de salida hasta un m\u00e1ximo de 900 m3\/h.<\/li>\n<li>Ancho de la cinta transportadora 1100 mm<\/li>\n<li>Altura de paso desde el borde superior del sistema de transporte hasta el suelo 900 mm<\/li>\n<li>Velocidad de transporte de la cinta transportadora ajustable entre 0,1 y 0,5 m\/min.<\/li>\n<li>Superficie de entrada 1.200 mm<\/li>\n<li>Zona de aire caliente 8.000 mm<\/li>\n<li>Salida 900 mm<\/li>\n<li>Longitud total 10.100 mm<\/li>\n<li>Filtro de reba\u00f1o en el flujo de aire de recirculaci\u00f3n, elementos filtrantes extra\u00edbles lateralmente<\/li>\n<li>Temperatura m\u00e1xima del aire de calefacci\u00f3n 180 \u00b0C<\/li>\n<li>Conexi\u00f3n 400 V 3 PEN 50 Hz<\/li>\n<li>Conexi\u00f3n de potencia Funcionamiento de la potencia aprox. 70 kW<\/li>\n<li>Conexi\u00f3n de potencia Fase de calefacci\u00f3n aprox. 139 kW<\/li>\n<li>Aire comprimido 20 Nl\/h, 6 bar ( seco, sin aceite )<\/li>\n<li>Anchura total 2.000 mm ( m\u00e1s 1.000 mm a ambos lados para el mantenimiento)<\/li>\n<\/ul>","protected":false},"excerpt":{"rendered":"<p>El secador de flocado SWAP se utiliza para secar las piezas flocadas despu\u00e9s del flocado.<\/p>","protected":false},"featured_media":5114,"template":"","meta":[],"product_cat":[140,119],"product_tag":[],"_links":{"self":[{"href":"https:\/\/maagflock.com\/es\/wp-json\/wp\/v2\/product\/5113"}],"collection":[{"href":"https:\/\/maagflock.com\/es\/wp-json\/wp\/v2\/product"}],"about":[{"href":"https:\/\/maagflock.com\/es\/wp-json\/wp\/v2\/types\/product"}],"wp:featuredmedia":[{"embeddable":true,"href":"https:\/\/maagflock.com\/es\/wp-json\/wp\/v2\/media\/5114"}],"wp:attachment":[{"href":"https:\/\/maagflock.com\/es\/wp-json\/wp\/v2\/media?parent=5113"}],"wp:term":[{"taxonomy":"product_cat","embeddable":true,"href":"https:\/\/maagflock.com\/es\/wp-json\/wp\/v2\/product_cat?post=5113"},{"taxonomy":"product_tag","embeddable":true,"href":"https:\/\/maagflock.com\/es\/wp-json\/wp\/v2\/product_tag?post=5113"}],"curies":[{"name":"wp","href":"https:\/\/api.w.org\/{rel}","templated":true}]}}