{"id":5115,"date":"2021-11-15T14:01:03","date_gmt":"2021-11-15T13:01:03","guid":{"rendered":"https:\/\/maagflock.com\/?post_type=product&#038;p=5115"},"modified":"2021-11-15T16:09:25","modified_gmt":"2021-11-15T15:09:25","slug":"swap-reinigungseinheit","status":"publish","type":"product","link":"https:\/\/maagflock.com\/es\/producto\/swap-reinigungseinheit\/","title":{"rendered":"Unidad de limpieza SWAP"},"content":{"rendered":"<p><strong>Unidad de limpieza SWAP<\/strong><\/p>\n<p>adecuado para la limpieza manual de piezas flocadas, que consiste en:<\/p>\n<ul>\n<li>Carcasa de la cabina con 4 pies, recogida de borras y embudo de extracci\u00f3n adicional<\/li>\n<li>Dise\u00f1ado como una construcci\u00f3n estable de chapa de acero soldada<\/li>\n<li>Rejilla extra\u00edble como superficie de trabajo en la cabina<\/li>\n<li>Recipiente de recogida de reba\u00f1os debajo del embudo de recogida<\/li>\n<li>Iluminaci\u00f3n interior de la cabina mediante una luminaria lineal de 40 vatios protegida contra el polvo<\/li>\n<li>Unidad de extracci\u00f3n <span style=\"color: #c00000;\"><a style=\"color: #c00000;\" href=\"https:\/\/maagflock.com\/es\/producto\/dustomat-160s\/\">Dustomat 160 S<\/a><\/span> Adecuado para la extracci\u00f3n de mezclas de aire de la manada sin contaminaci\u00f3n por disolventes<\/li>\n<li>La unidad de extracci\u00f3n consta de un recipiente de recogida de 200 litros con una bolsa filtrante de algod\u00f3n insertada y una bolsa de papel desechable, un anillo de sujeci\u00f3n para la bolsa filtrante de papel y un espaciador para una distribuci\u00f3n uniforme del aire.<\/li>\n<\/ul>\n<p>&nbsp;<\/p>\n<p><strong>Datos t\u00e9cnicos:<\/strong><\/p>\n<ul>\n<li>Potencia del motor: 3,0 kW, 400 voltios, 50 Hz<\/li>\n<li>presi\u00f3n negativa m\u00e1xima: 4600 Pa.<\/li>\n<li>Caudal nominal: 1850 m\u00b3\/h, ventilador montado en el lado del aire limpio<\/li>\n<li>Di\u00e1metro del colector de admisi\u00f3n: 180 mm<\/li>\n<li>Dimensiones: 1680 x 780 x 1350 mm<\/li>\n<\/ul>\n<p>&nbsp;<\/p>","protected":false},"excerpt":{"rendered":"<p>La unidad de limpieza SWAP se utiliza para limpiar las piezas flocadas.<\/p>","protected":false},"featured_media":5116,"template":"","meta":[],"product_cat":[140,119],"product_tag":[],"_links":{"self":[{"href":"https:\/\/maagflock.com\/es\/wp-json\/wp\/v2\/product\/5115"}],"collection":[{"href":"https:\/\/maagflock.com\/es\/wp-json\/wp\/v2\/product"}],"about":[{"href":"https:\/\/maagflock.com\/es\/wp-json\/wp\/v2\/types\/product"}],"wp:featuredmedia":[{"embeddable":true,"href":"https:\/\/maagflock.com\/es\/wp-json\/wp\/v2\/media\/5116"}],"wp:attachment":[{"href":"https:\/\/maagflock.com\/es\/wp-json\/wp\/v2\/media?parent=5115"}],"wp:term":[{"taxonomy":"product_cat","embeddable":true,"href":"https:\/\/maagflock.com\/es\/wp-json\/wp\/v2\/product_cat?post=5115"},{"taxonomy":"product_tag","embeddable":true,"href":"https:\/\/maagflock.com\/es\/wp-json\/wp\/v2\/product_tag?post=5115"}],"curies":[{"name":"wp","href":"https:\/\/api.w.org\/{rel}","templated":true}]}}