{"id":5124,"date":"2021-11-16T08:13:50","date_gmt":"2021-11-16T07:13:50","guid":{"rendered":"https:\/\/maagflock.com\/?post_type=product&#038;p=5124"},"modified":"2021-11-16T08:26:52","modified_gmt":"2021-11-16T07:26:52","slug":"klebstoffauftragseinheit-malerwalzenbeflockung","status":"publish","type":"product","link":"https:\/\/maagflock.com\/es\/producto\/klebstoffauftragseinheit-malerwalzenbeflockung\/","title":{"rendered":"Unidad de aplicaci\u00f3n de adhesivo Rodillo de pintura flocado"},"content":{"rendered":"<p><strong>Unidad de aplicaci\u00f3n de adhesivo Rodillo de pintura flocado<\/strong><\/p>\n<p>La unidad de aplicaci\u00f3n de adhesivo consiste en una cabina de pulverizaci\u00f3n instalada en un s\u00f3lido marco de acero seccional. En la pared trasera de la cabina hay un ventilador de extracci\u00f3n con un casete de filtro que sobresale y que es f\u00e1cilmente extra\u00edble. En el interior de la cabina est\u00e1 instalado el mando de la cadena para el transporte de la pieza. Las piezas montadas en los dispositivos de sujeci\u00f3n giran al pasar por las boquillas de pulverizaci\u00f3n. La rotaci\u00f3n se realiza a trav\u00e9s de una correa de inversi\u00f3n ajustable en altura que acciona los dispositivos de sujeci\u00f3n giratorios. Las piezas pasan continuamente por tres pistolas pulverizadoras de ajuste universal en tres direcciones y se recubren de adhesivo.<\/p>\n<p>Las pistolas de pulverizaci\u00f3n est\u00e1n conectadas a un armario de control neum\u00e1tico equipado con todas las l\u00edneas necesarias para el adhesivo, el aire de pulverizaci\u00f3n y el aire de control. Para la conexi\u00f3n al suministro central de aire comprimido (aprox. 6 bar, sin aceite), el armario de control neum\u00e1tico est\u00e1 equipado con un regulador de presi\u00f3n en la entrada, as\u00ed como con l\u00edneas de control separadas para cada boquilla de pulverizaci\u00f3n con conexi\u00f3n y desconexi\u00f3n y ajuste individual de presi\u00f3n preciso.<\/p>\n<p>El adhesivo se alimenta de dep\u00f3sitos a presi\u00f3n con un volumen de unos diez litros. La pistola de pulverizaci\u00f3n se activa mediante un sensor de luz instalado en la cabina de recubrimiento. Esta se\u00f1al s\u00f3lo pone la pistola en funcionamiento si hay piezas de trabajo. Los dispositivos de sujeci\u00f3n que no llevan piezas de trabajo no est\u00e1n recubiertos de adhesivo.<\/p>","protected":false},"excerpt":{"rendered":"<p>La unidad de aplicaci\u00f3n de adhesivo para el flocado de rodillos de pintura consiste en una cabina de pulverizaci\u00f3n, en cuya pared trasera hay un ventilador de extracci\u00f3n con un casete de filtro que sobresale. En el interior de la cabina, se instala el control de la cadena para el transporte de la pieza. Las piezas montadas en los dispositivos de sujeci\u00f3n giran al pasar por las boquillas de pulverizaci\u00f3n. La rotaci\u00f3n se realiza a trav\u00e9s de una correa de inversi\u00f3n ajustable en altura que acciona los dispositivos de sujeci\u00f3n giratorios. Las piezas pasan continuamente por tres pistolas pulverizadoras de ajuste universal en tres direcciones y se recubren de adhesivo.<\/p>","protected":false},"featured_media":5125,"template":"","meta":[],"product_cat":[143,119],"product_tag":[],"_links":{"self":[{"href":"https:\/\/maagflock.com\/es\/wp-json\/wp\/v2\/product\/5124"}],"collection":[{"href":"https:\/\/maagflock.com\/es\/wp-json\/wp\/v2\/product"}],"about":[{"href":"https:\/\/maagflock.com\/es\/wp-json\/wp\/v2\/types\/product"}],"wp:featuredmedia":[{"embeddable":true,"href":"https:\/\/maagflock.com\/es\/wp-json\/wp\/v2\/media\/5125"}],"wp:attachment":[{"href":"https:\/\/maagflock.com\/es\/wp-json\/wp\/v2\/media?parent=5124"}],"wp:term":[{"taxonomy":"product_cat","embeddable":true,"href":"https:\/\/maagflock.com\/es\/wp-json\/wp\/v2\/product_cat?post=5124"},{"taxonomy":"product_tag","embeddable":true,"href":"https:\/\/maagflock.com\/es\/wp-json\/wp\/v2\/product_tag?post=5124"}],"curies":[{"name":"wp","href":"https:\/\/api.w.org\/{rel}","templated":true}]}}