{"id":5129,"date":"2021-11-16T08:19:34","date_gmt":"2021-11-16T07:19:34","guid":{"rendered":"https:\/\/maagflock.com\/?post_type=product&#038;p=5129"},"modified":"2021-11-16T08:25:54","modified_gmt":"2021-11-16T07:25:54","slug":"malerwalzenbeflockungsmaschine","status":"publish","type":"product","link":"https:\/\/maagflock.com\/es\/producto\/malerwalzenbeflockungsmaschine\/","title":{"rendered":"M\u00e1quina de flocado de rodillos para pintar"},"content":{"rendered":"<p><strong>M\u00e1quina de flocado de rodillos para pintar<\/strong><\/p>\n<p>El sistema compacto para el flocado de rodillos de pintura se caracteriza por el hecho de que la extracci\u00f3n de borras, el retorno de borras, la recogida de borras y la dosificaci\u00f3n de borras son parte integrante de la propia cabina de flocado. El sistema est\u00e1 dise\u00f1ado en forma de C de tal manera que puede extenderse y retraerse en el sistema de transporte de toda la planta. Para un r\u00e1pido cambio de color, se pueden intercambiar 2 cabinas de flocado con diferentes flocados.<\/p>\n<p>La m\u00e1quina de flocado est\u00e1 formada por un s\u00f3lido bastidor de perfil soldado en el que se montan boquillas de ranura ancha de ajuste universal con soportes de abrazadera para el flocado. En el lado opuesto de las boquillas de flocado hay un contraelectrodo conectado al generador de alta tensi\u00f3n del armario de control. Las piezas suspendidas de los soportes giran al pasar por las boquillas de flocado. Las boquillas de flocado se mueven continuamente hacia arriba y hacia abajo.<br \/>\nAntes de salir de la m\u00e1quina de flocado, las piezas flocadas se limpian cuidadosamente. Esto se hace con boquillas de soplado adicionales y m\u00f3viles, que as\u00ed soplan la borra adherida. Esta borra puede ser reutilizada para otros flocados.<br \/>\nPara evitar en la medida de lo posible que los reba\u00f1os se escapen de la m\u00e1quina durante el funcionamiento, \u00e9sta est\u00e1 cerrada por todos sus lados con grandes ventanas de visualizaci\u00f3n. La parte frontal est\u00e1 cerrada por una ventana de visualizaci\u00f3n asegurada con un interruptor de l\u00edmite de seguridad, que desconecta inmediatamente y pone a tierra tanto la medici\u00f3n de reba\u00f1os como la alta tensi\u00f3n. Un fondo de rejilla impide que las piezas que se caen caigan en el dispositivo de limpieza. Debajo de la rejilla se instala un dispositivo de limpieza de la broza, que transporta el exceso de borra que se acumula a un transportador de tornillo sinf\u00edn con conexi\u00f3n de aspiraci\u00f3n instalado en el suelo de la cabina. Desde all\u00ed, el exceso de borras se aspira y se transporta de nuevo a la unidad de medici\u00f3n de borras.<\/p>\n<ul>\n<li>El dispositivo de extracci\u00f3n y dosificaci\u00f3n de reba\u00f1os consiste en:<\/li>\n<li>un cicl\u00f3n como preseparador<\/li>\n<li>una v\u00e1lvula rotativa para descargar el reba\u00f1o desde el preseparador al contenedor de recogida de reba\u00f1os<\/li>\n<li>un bastidor de m\u00e1quina con aberturas de recarga y mantenimiento<\/li>\n<li>un dispositivo de cribado para tamizar los residuos gruesos del reba\u00f1o sobrante reciclado<\/li>\n<li>Contenedor de recogida de residuos gruesos<\/li>\n<li>Abertura de recarga para el flock fresco para rellenar mientras la m\u00e1quina est\u00e1 en funcionamiento<\/li>\n<li>Tornillo dosificador con cepillo para dosificar la borra a trav\u00e9s de un fondo de tamiz, con velocidad de tornillo ajustable de forma continua<\/li>\n<li>4 sopladores para transportar el reba\u00f1o medido a las boquillas de soplado, con un volumen de aire continuamente ajustable<\/li>\n<li>Bandeja de tamizado en 3 partes (gruesa, media y fina)<\/li>\n<li>Agitador para evitar la formaci\u00f3n de puentes en el dep\u00f3sito de recogida de borrasca<\/li>\n<li>Indicador de nivel para controlar el nivel de reba\u00f1o en el dep\u00f3sito de recogida<\/li>\n<\/ul>\n<p>Todos los componentes descritos anteriormente est\u00e1n firmemente unidos al bastidor de la m\u00e1quina y pueden salir de la unidad de flocado como una unidad.<\/p>\n<p>El concepto de la m\u00e1quina se puede adaptar individualmente a sus necesidades y tambi\u00e9n se puede equipar con un sistema externo de dosificaci\u00f3n de borras.<\/p>\n<p>&nbsp;<\/p>\n<p><strong>Datos t\u00e9cnicos:<\/strong><\/p>\n<ul>\n<li>Electricidad: 400 V, 50 Hz, 6,0 kW<\/li>\n<li>Aire comprimido: 6 bar; 120 l\/min; \u00bc\".<\/li>\n<li>Dimensiones: 30000 x 1400 x 3000 mm<\/li>\n<li>Peso: 1500 kg<\/li>\n<\/ul>","protected":false},"excerpt":{"rendered":"<p>M\u00e1quina de flocado de rodillos de pintor El sistema compacto para el flocado de rodillos de pintor se caracteriza por el hecho de que la extracci\u00f3n de borras, el retorno de borras, la recogida de borras y la dosificaci\u00f3n de borras son parte integrante de la propia cabina de flocado. El sistema est\u00e1 dise\u00f1ado en forma de C de tal manera que puede extenderse y retraerse en el sistema de transporte de toda la planta. Para un r\u00e1pido cambio de color, tambi\u00e9n se pueden utilizar 2 cabinas de flocado llenas de diferentes [...]<\/p>","protected":false},"featured_media":5127,"template":"","meta":[],"product_cat":[143,119],"product_tag":[],"_links":{"self":[{"href":"https:\/\/maagflock.com\/es\/wp-json\/wp\/v2\/product\/5129"}],"collection":[{"href":"https:\/\/maagflock.com\/es\/wp-json\/wp\/v2\/product"}],"about":[{"href":"https:\/\/maagflock.com\/es\/wp-json\/wp\/v2\/types\/product"}],"wp:featuredmedia":[{"embeddable":true,"href":"https:\/\/maagflock.com\/es\/wp-json\/wp\/v2\/media\/5127"}],"wp:attachment":[{"href":"https:\/\/maagflock.com\/es\/wp-json\/wp\/v2\/media?parent=5129"}],"wp:term":[{"taxonomy":"product_cat","embeddable":true,"href":"https:\/\/maagflock.com\/es\/wp-json\/wp\/v2\/product_cat?post=5129"},{"taxonomy":"product_tag","embeddable":true,"href":"https:\/\/maagflock.com\/es\/wp-json\/wp\/v2\/product_tag?post=5129"}],"curies":[{"name":"wp","href":"https:\/\/api.w.org\/{rel}","templated":true}]}}