{"id":5130,"date":"2021-11-16T08:22:49","date_gmt":"2021-11-16T07:22:49","guid":{"rendered":"https:\/\/maagflock.com\/?post_type=product&#038;p=5130"},"modified":"2021-11-16T08:24:36","modified_gmt":"2021-11-16T07:24:36","slug":"malerwalzenbeflockungstrockner","status":"publish","type":"product","link":"https:\/\/maagflock.com\/es\/producto\/malerwalzenbeflockungstrockner\/","title":{"rendered":"Secador de flocado para rodillos de pintura"},"content":{"rendered":"<p><strong>Secador de flocado para rodillos de pintura<\/strong><\/p>\n<p>El secador de borras para rodillos de pintura es un secador continuo con cadena de transporte, incluyendo deflectores. El tiempo de secado necesario depende del adhesivo utilizado. El secador se ensambla a partir de elementos de placa, que se fabrican como casetes de chapa de acero de doble pared. Los elementos individuales son de chapa de acero galvanizada electrol\u00edticamente. Son lisos por ambos lados y est\u00e1n aislados con esteras s\u00f3lidas de lana de roca seg\u00fan la norma DIN 4102, de 80 mm de espesor.<\/p>\n<p>El aire caliente se calienta por combusti\u00f3n directa de gas y se hace circular por un ventilador de aire circulante. La temperatura del secador se controla continuamente mediante 2 monitores de temperatura y se visualiza y registra a trav\u00e9s del PLC. La cubierta de la secadora se puede abrir f\u00e1cilmente y se puede acceder a ella para su funcionamiento y limpieza a trav\u00e9s de una puerta lateral con bisagras.<\/p>\n<p>&nbsp;<\/p>\n<p><strong>Datos t\u00e9cnicos:<\/strong><\/p>\n<ul>\n<li>Dimensiones: 6970 x 2500 x 2900 mm<\/li>\n<li>Peso: aprox. 1700 kg<\/li>\n<li>Temperatura: m\u00e1x. 120\u00b0C, funcionamiento normal 90\u00b0C<\/li>\n<li>Capacidad de calefacci\u00f3n, quemador de gas modulante: entre 9 y 100 kW, marca ABIC<\/li>\n<li>Ventilador: 50 Hz regulable a trav\u00e9s de la FU separada<\/li>\n<li>Corriente nominal: 400 V, 50 Hz, 3 fases<\/li>\n<li>Carga total conectada: 16 A<\/li>\n<\/ul>","protected":false},"excerpt":{"rendered":"<p>El secador de reba\u00f1o para rodillos de pintura es un secador continuo con una cadena de transporte, incluidos los deflectores.<\/p>","protected":false},"featured_media":5126,"template":"","meta":[],"product_cat":[143,119],"product_tag":[],"_links":{"self":[{"href":"https:\/\/maagflock.com\/es\/wp-json\/wp\/v2\/product\/5130"}],"collection":[{"href":"https:\/\/maagflock.com\/es\/wp-json\/wp\/v2\/product"}],"about":[{"href":"https:\/\/maagflock.com\/es\/wp-json\/wp\/v2\/types\/product"}],"wp:featuredmedia":[{"embeddable":true,"href":"https:\/\/maagflock.com\/es\/wp-json\/wp\/v2\/media\/5126"}],"wp:attachment":[{"href":"https:\/\/maagflock.com\/es\/wp-json\/wp\/v2\/media?parent=5130"}],"wp:term":[{"taxonomy":"product_cat","embeddable":true,"href":"https:\/\/maagflock.com\/es\/wp-json\/wp\/v2\/product_cat?post=5130"},{"taxonomy":"product_tag","embeddable":true,"href":"https:\/\/maagflock.com\/es\/wp-json\/wp\/v2\/product_tag?post=5130"}],"curies":[{"name":"wp","href":"https:\/\/api.w.org\/{rel}","templated":true}]}}